{"id":114,"date":"2019-09-26T22:41:03","date_gmt":"2019-09-26T20:41:03","guid":{"rendered":"http:\/\/parafiaklimkowka.pl\/?page_id=114"},"modified":"2026-05-01T21:10:07","modified_gmt":"2026-05-01T19:10:07","slug":"parafia","status":"publish","type":"page","link":"https:\/\/parafiaklimkowka.pl\/index.php\/parafia\/","title":{"rendered":"Parafia"},"content":{"rendered":"<h3><strong>Witamy na stronie parafii pw. \u015bw. Micha\u0142a Archanio\u0142a w Klimk\u00f3wce.<\/strong><\/h3>\n\n\n<p><\/p>\n","protected":false},"excerpt":{"rendered":"<p>Witamy na stronie parafii pw. \u015bw. Micha\u0142a Archanio\u0142a w Klimk\u00f3wce.<\/p>\n","protected":false},"author":1,"featured_media":3112,"parent":0,"menu_order":0,"comment_status":"closed","ping_status":"closed","template":"","meta":{"ngg_post_thumbnail":0,"footnotes":""},"yoast_head":"<!-- This site is optimized with the Yoast SEO plugin v23.2 - https:\/\/yoast.com\/wordpress\/plugins\/seo\/ -->\n<title>Parafia Klimk\u00f3wka - Parafia pw. \u015aw. Micha\u0142a Archanio\u0142a w Klimk\u00f3wce<\/title>\n<meta name=\"description\" content=\"Parafia Klimk\u00f3wka. Oficjalna strona parafii pw. \u015aw. Micha\u0142a Archanio\u0142a w Klimk\u00f3wce. Aktualne wydarzenia z \u017cycia parafii, og\u0142oszenia, intencje mszalne, zdj\u0119cia oraz nagrania.\" \/>\n<meta name=\"robots\" content=\"index, follow, max-snippet:-1, max-image-preview:large, max-video-preview:-1\" \/>\n<link rel=\"canonical\" href=\"https:\/\/parafiaklimkowka.pl\/index.php\/parafia\/\" \/>\n<meta property=\"og:locale\" content=\"pl_PL\" \/>\n<meta property=\"og:type\" content=\"article\" \/>\n<meta property=\"og:title\" content=\"Parafia Klimk\u00f3wka - Parafia pw. \u015aw. Micha\u0142a Archanio\u0142a w Klimk\u00f3wce\" \/>\n<meta property=\"og:description\" content=\"Parafia Klimk\u00f3wka. Oficjalna strona parafii pw. \u015aw. Micha\u0142a Archanio\u0142a w Klimk\u00f3wce. Aktualne wydarzenia z \u017cycia parafii, og\u0142oszenia, intencje mszalne, zdj\u0119cia oraz nagrania.\" \/>\n<meta property=\"og:url\" content=\"https:\/\/parafiaklimkowka.pl\/index.php\/parafia\/\" \/>\n<meta property=\"og:site_name\" content=\"Parafia w Klimk\u00f3wce\" \/>\n<meta property=\"article:modified_time\" content=\"2026-05-01T19:10:07+00:00\" \/>\n<meta property=\"og:image\" content=\"https:\/\/parafiaklimkowka.pl\/wp-content\/uploads\/2020\/08\/Kosciol-1024x683.jpg\" \/>\n\t<meta property=\"og:image:width\" content=\"1024\" \/>\n\t<meta property=\"og:image:height\" content=\"683\" \/>\n\t<meta property=\"og:image:type\" content=\"image\/jpeg\" \/>\n<meta name=\"twitter:card\" content=\"summary_large_image\" \/>\n<meta name=\"twitter:label1\" content=\"Szacowany czas czytania\" \/>\n\t<meta name=\"twitter:data1\" content=\"1 minuta\" \/>\n<script type=\"application\/ld+json\" class=\"yoast-schema-graph\">{\"@context\":\"https:\/\/schema.org\",\"@graph\":[{\"@type\":\"WebPage\",\"@id\":\"https:\/\/parafiaklimkowka.pl\/index.php\/parafia\/\",\"url\":\"https:\/\/parafiaklimkowka.pl\/index.php\/parafia\/\",\"name\":\"Parafia Klimk\u00f3wka - Parafia pw. \u015aw. Micha\u0142a Archanio\u0142a w Klimk\u00f3wce\",\"isPartOf\":{\"@id\":\"https:\/\/parafiaklimkowka.pl\/#website\"},\"primaryImageOfPage\":{\"@id\":\"https:\/\/parafiaklimkowka.pl\/index.php\/parafia\/#primaryimage\"},\"image\":{\"@id\":\"https:\/\/parafiaklimkowka.pl\/index.php\/parafia\/#primaryimage\"},\"thumbnailUrl\":\"https:\/\/parafiaklimkowka.pl\/wp-content\/uploads\/2020\/08\/Kosciol.jpg\",\"datePublished\":\"2019-09-26T20:41:03+00:00\",\"dateModified\":\"2026-05-01T19:10:07+00:00\",\"description\":\"Parafia Klimk\u00f3wka. Oficjalna strona parafii pw. \u015aw. Micha\u0142a Archanio\u0142a w Klimk\u00f3wce. Aktualne wydarzenia z \u017cycia parafii, og\u0142oszenia, intencje mszalne, zdj\u0119cia oraz nagrania.\",\"breadcrumb\":{\"@id\":\"https:\/\/parafiaklimkowka.pl\/index.php\/parafia\/#breadcrumb\"},\"inLanguage\":\"pl-PL\",\"potentialAction\":[{\"@type\":\"ReadAction\",\"target\":[\"https:\/\/parafiaklimkowka.pl\/index.php\/parafia\/\"]}]},{\"@type\":\"ImageObject\",\"inLanguage\":\"pl-PL\",\"@id\":\"https:\/\/parafiaklimkowka.pl\/index.php\/parafia\/#primaryimage\",\"url\":\"https:\/\/parafiaklimkowka.pl\/wp-content\/uploads\/2020\/08\/Kosciol.jpg\",\"contentUrl\":\"https:\/\/parafiaklimkowka.pl\/wp-content\/uploads\/2020\/08\/Kosciol.jpg\",\"width\":2560,\"height\":1707},{\"@type\":\"BreadcrumbList\",\"@id\":\"https:\/\/parafiaklimkowka.pl\/index.php\/parafia\/#breadcrumb\",\"itemListElement\":[{\"@type\":\"ListItem\",\"position\":1,\"name\":\"Strona g\u0142\u00f3wna\",\"item\":\"https:\/\/parafiaklimkowka.pl\/\"},{\"@type\":\"ListItem\",\"position\":2,\"name\":\"Parafia\"}]},{\"@type\":\"WebSite\",\"@id\":\"https:\/\/parafiaklimkowka.pl\/#website\",\"url\":\"https:\/\/parafiaklimkowka.pl\/\",\"name\":\"Parafia w Klimk\u00f3wce\",\"description\":\"pw. \u015aw. Micha\u0142a Archanio\u0142a\",\"publisher\":{\"@id\":\"https:\/\/parafiaklimkowka.pl\/#organization\"},\"potentialAction\":[{\"@type\":\"SearchAction\",\"target\":{\"@type\":\"EntryPoint\",\"urlTemplate\":\"https:\/\/parafiaklimkowka.pl\/?s={search_term_string}\"},\"query-input\":\"required name=search_term_string\"}],\"inLanguage\":\"pl-PL\"},{\"@type\":\"Organization\",\"@id\":\"https:\/\/parafiaklimkowka.pl\/#organization\",\"name\":\"Parafia p.w. \u015bw. Micha\u0142a Archanio\u0142a w Klimk\u00f3wce\",\"url\":\"https:\/\/parafiaklimkowka.pl\/\",\"logo\":{\"@type\":\"ImageObject\",\"inLanguage\":\"pl-PL\",\"@id\":\"https:\/\/parafiaklimkowka.pl\/#\/schema\/logo\/image\/\",\"url\":\"http:\/\/parafiaklimkowka.pl\/wp-content\/uploads\/2019\/10\/anio\u01428_jpeg.jpg\",\"contentUrl\":\"http:\/\/parafiaklimkowka.pl\/wp-content\/uploads\/2019\/10\/anio\u01428_jpeg.jpg\",\"width\":658,\"height\":483,\"caption\":\"Parafia p.w. \u015bw. Micha\u0142a Archanio\u0142a w Klimk\u00f3wce\"},\"image\":{\"@id\":\"https:\/\/parafiaklimkowka.pl\/#\/schema\/logo\/image\/\"}}]}<\/script>\n<!-- \/ Yoast SEO plugin. -->","yoast_head_json":{"title":"Parafia Klimk\u00f3wka - Parafia pw. \u015aw. Micha\u0142a Archanio\u0142a w Klimk\u00f3wce","description":"Parafia Klimk\u00f3wka. Oficjalna strona parafii pw. \u015aw. Micha\u0142a Archanio\u0142a w Klimk\u00f3wce. Aktualne wydarzenia z \u017cycia parafii, og\u0142oszenia, intencje mszalne, zdj\u0119cia oraz nagrania.","robots":{"index":"index","follow":"follow","max-snippet":"max-snippet:-1","max-image-preview":"max-image-preview:large","max-video-preview":"max-video-preview:-1"},"canonical":"https:\/\/parafiaklimkowka.pl\/index.php\/parafia\/","og_locale":"pl_PL","og_type":"article","og_title":"Parafia Klimk\u00f3wka - Parafia pw. \u015aw. Micha\u0142a Archanio\u0142a w Klimk\u00f3wce","og_description":"Parafia Klimk\u00f3wka. Oficjalna strona parafii pw. \u015aw. Micha\u0142a Archanio\u0142a w Klimk\u00f3wce. Aktualne wydarzenia z \u017cycia parafii, og\u0142oszenia, intencje mszalne, zdj\u0119cia oraz nagrania.","og_url":"https:\/\/parafiaklimkowka.pl\/index.php\/parafia\/","og_site_name":"Parafia w Klimk\u00f3wce","article_modified_time":"2026-05-01T19:10:07+00:00","og_image":[{"width":1024,"height":683,"url":"https:\/\/parafiaklimkowka.pl\/wp-content\/uploads\/2020\/08\/Kosciol-1024x683.jpg","type":"image\/jpeg"}],"twitter_card":"summary_large_image","twitter_misc":{"Szacowany czas czytania":"1 minuta"},"schema":{"@context":"https:\/\/schema.org","@graph":[{"@type":"WebPage","@id":"https:\/\/parafiaklimkowka.pl\/index.php\/parafia\/","url":"https:\/\/parafiaklimkowka.pl\/index.php\/parafia\/","name":"Parafia Klimk\u00f3wka - Parafia pw. \u015aw. Micha\u0142a Archanio\u0142a w Klimk\u00f3wce","isPartOf":{"@id":"https:\/\/parafiaklimkowka.pl\/#website"},"primaryImageOfPage":{"@id":"https:\/\/parafiaklimkowka.pl\/index.php\/parafia\/#primaryimage"},"image":{"@id":"https:\/\/parafiaklimkowka.pl\/index.php\/parafia\/#primaryimage"},"thumbnailUrl":"https:\/\/parafiaklimkowka.pl\/wp-content\/uploads\/2020\/08\/Kosciol.jpg","datePublished":"2019-09-26T20:41:03+00:00","dateModified":"2026-05-01T19:10:07+00:00","description":"Parafia Klimk\u00f3wka. Oficjalna strona parafii pw. \u015aw. Micha\u0142a Archanio\u0142a w Klimk\u00f3wce. Aktualne wydarzenia z \u017cycia parafii, og\u0142oszenia, intencje mszalne, zdj\u0119cia oraz nagrania.","breadcrumb":{"@id":"https:\/\/parafiaklimkowka.pl\/index.php\/parafia\/#breadcrumb"},"inLanguage":"pl-PL","potentialAction":[{"@type":"ReadAction","target":["https:\/\/parafiaklimkowka.pl\/index.php\/parafia\/"]}]},{"@type":"ImageObject","inLanguage":"pl-PL","@id":"https:\/\/parafiaklimkowka.pl\/index.php\/parafia\/#primaryimage","url":"https:\/\/parafiaklimkowka.pl\/wp-content\/uploads\/2020\/08\/Kosciol.jpg","contentUrl":"https:\/\/parafiaklimkowka.pl\/wp-content\/uploads\/2020\/08\/Kosciol.jpg","width":2560,"height":1707},{"@type":"BreadcrumbList","@id":"https:\/\/parafiaklimkowka.pl\/index.php\/parafia\/#breadcrumb","itemListElement":[{"@type":"ListItem","position":1,"name":"Strona g\u0142\u00f3wna","item":"https:\/\/parafiaklimkowka.pl\/"},{"@type":"ListItem","position":2,"name":"Parafia"}]},{"@type":"WebSite","@id":"https:\/\/parafiaklimkowka.pl\/#website","url":"https:\/\/parafiaklimkowka.pl\/","name":"Parafia w Klimk\u00f3wce","description":"pw. \u015aw. Micha\u0142a Archanio\u0142a","publisher":{"@id":"https:\/\/parafiaklimkowka.pl\/#organization"},"potentialAction":[{"@type":"SearchAction","target":{"@type":"EntryPoint","urlTemplate":"https:\/\/parafiaklimkowka.pl\/?s={search_term_string}"},"query-input":"required name=search_term_string"}],"inLanguage":"pl-PL"},{"@type":"Organization","@id":"https:\/\/parafiaklimkowka.pl\/#organization","name":"Parafia p.w. \u015bw. Micha\u0142a Archanio\u0142a w Klimk\u00f3wce","url":"https:\/\/parafiaklimkowka.pl\/","logo":{"@type":"ImageObject","inLanguage":"pl-PL","@id":"https:\/\/parafiaklimkowka.pl\/#\/schema\/logo\/image\/","url":"http:\/\/parafiaklimkowka.pl\/wp-content\/uploads\/2019\/10\/anio\u01428_jpeg.jpg","contentUrl":"http:\/\/parafiaklimkowka.pl\/wp-content\/uploads\/2019\/10\/anio\u01428_jpeg.jpg","width":658,"height":483,"caption":"Parafia p.w. \u015bw. Micha\u0142a Archanio\u0142a w Klimk\u00f3wce"},"image":{"@id":"https:\/\/parafiaklimkowka.pl\/#\/schema\/logo\/image\/"}}]}},"_links":{"self":[{"href":"https:\/\/parafiaklimkowka.pl\/index.php\/wp-json\/wp\/v2\/pages\/114"}],"collection":[{"href":"https:\/\/parafiaklimkowka.pl\/index.php\/wp-json\/wp\/v2\/pages"}],"about":[{"href":"https:\/\/parafiaklimkowka.pl\/index.php\/wp-json\/wp\/v2\/types\/page"}],"author":[{"embeddable":true,"href":"https:\/\/parafiaklimkowka.pl\/index.php\/wp-json\/wp\/v2\/users\/1"}],"replies":[{"embeddable":true,"href":"https:\/\/parafiaklimkowka.pl\/index.php\/wp-json\/wp\/v2\/comments?post=114"}],"version-history":[{"count":6,"href":"https:\/\/parafiaklimkowka.pl\/index.php\/wp-json\/wp\/v2\/pages\/114\/revisions"}],"predecessor-version":[{"id":3113,"href":"https:\/\/parafiaklimkowka.pl\/index.php\/wp-json\/wp\/v2\/pages\/114\/revisions\/3113"}],"wp:featuredmedia":[{"embeddable":true,"href":"https:\/\/parafiaklimkowka.pl\/index.php\/wp-json\/wp\/v2\/media\/3112"}],"wp:attachment":[{"href":"https:\/\/parafiaklimkowka.pl\/index.php\/wp-json\/wp\/v2\/media?parent=114"}],"curies":[{"name":"wp","href":"https:\/\/api.w.org\/{rel}","templated":true}]}}