{"id":116,"date":"2019-09-26T22:41:29","date_gmt":"2019-09-26T20:41:29","guid":{"rendered":"http:\/\/parafiaklimkowka.pl\/?page_id=116"},"modified":"2019-11-02T15:17:18","modified_gmt":"2019-11-02T14:17:18","slug":"wspolnoty-parafialne","status":"publish","type":"page","link":"https:\/\/parafiaklimkowka.pl\/index.php\/wspolnoty-parafialne\/","title":{"rendered":"Wsp\u00f3lnoty"},"content":{"rendered":"<p style=\"text-align: justify;\">Cz\u0142owiek d\u0105\u017cy do prze\u017cywania i krzewienia braterskich zasad oraz form \u017cycia we wsp\u00f3lnocie. Parafie mog\u0105 to pragnienie zaspokoi\u0107 tylko w\u00f3wczas, gdy przy czynnym udziale \u015bwieckich, pozostaj\u0105 w \u015bwiecie miejscem zjednoczenia wiernych, a zarazem \u201eznakiem\u201d i \u201enarz\u0119dziem\u201d powo\u0142ania wszystkich ludzi do \u017cycia w komunii.<\/p>\n<p style=\"text-align: justify;\">Apostolstwo zespo\u0142owe \u2013 jest \u201eznakiem\u201d wsp\u00f3lnoty i jedno\u015bci Ko\u015bcio\u0142a w Chrystusie. \u00d3w \u201eznak\u201d jedno\u015bci winien si\u0119 ujawnia\u0107 poprzez \u201ekomuni\u0119\u201d, zar\u00f3wno w stosunkach wewn\u0119trznych, jak i zewn\u0119trznych r\u00f3\u017cnego rodzaju zrzesze\u0144, w szerszym kontek\u015bcie chrze\u015bcija\u0144skiej wsp\u00f3lnoty.&nbsp;<\/p>\n<p style=\"text-align: right;\"><em>\u015aw. Jan Pawe\u0142 II<\/em><\/p>\n","protected":false},"excerpt":{"rendered":"<p>Cz\u0142owiek d\u0105\u017cy do prze\u017cywania i krzewienia braterskich zasad oraz form \u017cycia we wsp\u00f3lnocie. Parafie mog\u0105 to pragnienie zaspokoi\u0107 tylko w\u00f3wczas, gdy przy czynnym udziale \u015bwieckich, pozostaj\u0105 w \u015bwiecie miejscem zjednoczenia [&hellip;]<\/p>\n","protected":false},"author":1,"featured_media":772,"parent":0,"menu_order":0,"comment_status":"closed","ping_status":"closed","template":"","meta":{"ngg_post_thumbnail":0,"footnotes":""},"yoast_head":"<!-- This site is optimized with the Yoast SEO plugin v23.2 - https:\/\/yoast.com\/wordpress\/plugins\/seo\/ -->\n<title>Wsp\u00f3lnoty - Parafia w Klimk\u00f3wce<\/title>\n<meta name=\"robots\" content=\"index, follow, max-snippet:-1, max-image-preview:large, max-video-preview:-1\" \/>\n<link rel=\"canonical\" href=\"https:\/\/parafiaklimkowka.pl\/index.php\/wspolnoty-parafialne\/\" \/>\n<meta property=\"og:locale\" content=\"pl_PL\" \/>\n<meta property=\"og:type\" content=\"article\" \/>\n<meta property=\"og:title\" content=\"Wsp\u00f3lnoty - Parafia w Klimk\u00f3wce\" \/>\n<meta property=\"og:description\" content=\"Cz\u0142owiek d\u0105\u017cy do prze\u017cywania i krzewienia braterskich zasad oraz form \u017cycia we wsp\u00f3lnocie. Parafie mog\u0105 to pragnienie zaspokoi\u0107 tylko w\u00f3wczas, gdy przy czynnym udziale \u015bwieckich, pozostaj\u0105 w \u015bwiecie miejscem zjednoczenia [&hellip;]\" \/>\n<meta property=\"og:url\" content=\"https:\/\/parafiaklimkowka.pl\/index.php\/wspolnoty-parafialne\/\" \/>\n<meta property=\"og:site_name\" content=\"Parafia w Klimk\u00f3wce\" \/>\n<meta property=\"article:modified_time\" content=\"2019-11-02T14:17:18+00:00\" \/>\n<meta property=\"og:image\" content=\"https:\/\/parafiaklimkowka.pl\/wp-content\/uploads\/2019\/11\/IMG_0397-1024x768.jpg\" \/>\n\t<meta property=\"og:image:width\" content=\"1024\" \/>\n\t<meta property=\"og:image:height\" content=\"768\" \/>\n\t<meta property=\"og:image:type\" content=\"image\/jpeg\" \/>\n<meta name=\"twitter:card\" content=\"summary_large_image\" \/>\n<meta name=\"twitter:label1\" content=\"Szacowany czas czytania\" \/>\n\t<meta name=\"twitter:data1\" content=\"1 minuta\" \/>\n<script type=\"application\/ld+json\" class=\"yoast-schema-graph\">{\"@context\":\"https:\/\/schema.org\",\"@graph\":[{\"@type\":\"WebPage\",\"@id\":\"https:\/\/parafiaklimkowka.pl\/index.php\/wspolnoty-parafialne\/\",\"url\":\"https:\/\/parafiaklimkowka.pl\/index.php\/wspolnoty-parafialne\/\",\"name\":\"Wsp\u00f3lnoty - Parafia w Klimk\u00f3wce\",\"isPartOf\":{\"@id\":\"https:\/\/parafiaklimkowka.pl\/#website\"},\"primaryImageOfPage\":{\"@id\":\"https:\/\/parafiaklimkowka.pl\/index.php\/wspolnoty-parafialne\/#primaryimage\"},\"image\":{\"@id\":\"https:\/\/parafiaklimkowka.pl\/index.php\/wspolnoty-parafialne\/#primaryimage\"},\"thumbnailUrl\":\"https:\/\/parafiaklimkowka.pl\/wp-content\/uploads\/2019\/11\/IMG_0397.jpg\",\"datePublished\":\"2019-09-26T20:41:29+00:00\",\"dateModified\":\"2019-11-02T14:17:18+00:00\",\"breadcrumb\":{\"@id\":\"https:\/\/parafiaklimkowka.pl\/index.php\/wspolnoty-parafialne\/#breadcrumb\"},\"inLanguage\":\"pl-PL\",\"potentialAction\":[{\"@type\":\"ReadAction\",\"target\":[\"https:\/\/parafiaklimkowka.pl\/index.php\/wspolnoty-parafialne\/\"]}]},{\"@type\":\"ImageObject\",\"inLanguage\":\"pl-PL\",\"@id\":\"https:\/\/parafiaklimkowka.pl\/index.php\/wspolnoty-parafialne\/#primaryimage\",\"url\":\"https:\/\/parafiaklimkowka.pl\/wp-content\/uploads\/2019\/11\/IMG_0397.jpg\",\"contentUrl\":\"https:\/\/parafiaklimkowka.pl\/wp-content\/uploads\/2019\/11\/IMG_0397.jpg\",\"width\":4000,\"height\":3000},{\"@type\":\"BreadcrumbList\",\"@id\":\"https:\/\/parafiaklimkowka.pl\/index.php\/wspolnoty-parafialne\/#breadcrumb\",\"itemListElement\":[{\"@type\":\"ListItem\",\"position\":1,\"name\":\"Strona g\u0142\u00f3wna\",\"item\":\"https:\/\/parafiaklimkowka.pl\/\"},{\"@type\":\"ListItem\",\"position\":2,\"name\":\"Wsp\u00f3lnoty\"}]},{\"@type\":\"WebSite\",\"@id\":\"https:\/\/parafiaklimkowka.pl\/#website\",\"url\":\"https:\/\/parafiaklimkowka.pl\/\",\"name\":\"Parafia w Klimk\u00f3wce\",\"description\":\"pw. \u015aw. Micha\u0142a Archanio\u0142a\",\"publisher\":{\"@id\":\"https:\/\/parafiaklimkowka.pl\/#organization\"},\"potentialAction\":[{\"@type\":\"SearchAction\",\"target\":{\"@type\":\"EntryPoint\",\"urlTemplate\":\"https:\/\/parafiaklimkowka.pl\/?s={search_term_string}\"},\"query-input\":\"required name=search_term_string\"}],\"inLanguage\":\"pl-PL\"},{\"@type\":\"Organization\",\"@id\":\"https:\/\/parafiaklimkowka.pl\/#organization\",\"name\":\"Parafia p.w. \u015bw. Micha\u0142a Archanio\u0142a w Klimk\u00f3wce\",\"url\":\"https:\/\/parafiaklimkowka.pl\/\",\"logo\":{\"@type\":\"ImageObject\",\"inLanguage\":\"pl-PL\",\"@id\":\"https:\/\/parafiaklimkowka.pl\/#\/schema\/logo\/image\/\",\"url\":\"http:\/\/parafiaklimkowka.pl\/wp-content\/uploads\/2019\/10\/anio\u01428_jpeg.jpg\",\"contentUrl\":\"http:\/\/parafiaklimkowka.pl\/wp-content\/uploads\/2019\/10\/anio\u01428_jpeg.jpg\",\"width\":658,\"height\":483,\"caption\":\"Parafia p.w. \u015bw. Micha\u0142a Archanio\u0142a w Klimk\u00f3wce\"},\"image\":{\"@id\":\"https:\/\/parafiaklimkowka.pl\/#\/schema\/logo\/image\/\"}}]}<\/script>\n<!-- \/ Yoast SEO plugin. -->","yoast_head_json":{"title":"Wsp\u00f3lnoty - Parafia w Klimk\u00f3wce","robots":{"index":"index","follow":"follow","max-snippet":"max-snippet:-1","max-image-preview":"max-image-preview:large","max-video-preview":"max-video-preview:-1"},"canonical":"https:\/\/parafiaklimkowka.pl\/index.php\/wspolnoty-parafialne\/","og_locale":"pl_PL","og_type":"article","og_title":"Wsp\u00f3lnoty - Parafia w Klimk\u00f3wce","og_description":"Cz\u0142owiek d\u0105\u017cy do prze\u017cywania i krzewienia braterskich zasad oraz form \u017cycia we wsp\u00f3lnocie. Parafie mog\u0105 to pragnienie zaspokoi\u0107 tylko w\u00f3wczas, gdy przy czynnym udziale \u015bwieckich, pozostaj\u0105 w \u015bwiecie miejscem zjednoczenia [&hellip;]","og_url":"https:\/\/parafiaklimkowka.pl\/index.php\/wspolnoty-parafialne\/","og_site_name":"Parafia w Klimk\u00f3wce","article_modified_time":"2019-11-02T14:17:18+00:00","og_image":[{"width":1024,"height":768,"url":"https:\/\/parafiaklimkowka.pl\/wp-content\/uploads\/2019\/11\/IMG_0397-1024x768.jpg","type":"image\/jpeg"}],"twitter_card":"summary_large_image","twitter_misc":{"Szacowany czas czytania":"1 minuta"},"schema":{"@context":"https:\/\/schema.org","@graph":[{"@type":"WebPage","@id":"https:\/\/parafiaklimkowka.pl\/index.php\/wspolnoty-parafialne\/","url":"https:\/\/parafiaklimkowka.pl\/index.php\/wspolnoty-parafialne\/","name":"Wsp\u00f3lnoty - Parafia w Klimk\u00f3wce","isPartOf":{"@id":"https:\/\/parafiaklimkowka.pl\/#website"},"primaryImageOfPage":{"@id":"https:\/\/parafiaklimkowka.pl\/index.php\/wspolnoty-parafialne\/#primaryimage"},"image":{"@id":"https:\/\/parafiaklimkowka.pl\/index.php\/wspolnoty-parafialne\/#primaryimage"},"thumbnailUrl":"https:\/\/parafiaklimkowka.pl\/wp-content\/uploads\/2019\/11\/IMG_0397.jpg","datePublished":"2019-09-26T20:41:29+00:00","dateModified":"2019-11-02T14:17:18+00:00","breadcrumb":{"@id":"https:\/\/parafiaklimkowka.pl\/index.php\/wspolnoty-parafialne\/#breadcrumb"},"inLanguage":"pl-PL","potentialAction":[{"@type":"ReadAction","target":["https:\/\/parafiaklimkowka.pl\/index.php\/wspolnoty-parafialne\/"]}]},{"@type":"ImageObject","inLanguage":"pl-PL","@id":"https:\/\/parafiaklimkowka.pl\/index.php\/wspolnoty-parafialne\/#primaryimage","url":"https:\/\/parafiaklimkowka.pl\/wp-content\/uploads\/2019\/11\/IMG_0397.jpg","contentUrl":"https:\/\/parafiaklimkowka.pl\/wp-content\/uploads\/2019\/11\/IMG_0397.jpg","width":4000,"height":3000},{"@type":"BreadcrumbList","@id":"https:\/\/parafiaklimkowka.pl\/index.php\/wspolnoty-parafialne\/#breadcrumb","itemListElement":[{"@type":"ListItem","position":1,"name":"Strona g\u0142\u00f3wna","item":"https:\/\/parafiaklimkowka.pl\/"},{"@type":"ListItem","position":2,"name":"Wsp\u00f3lnoty"}]},{"@type":"WebSite","@id":"https:\/\/parafiaklimkowka.pl\/#website","url":"https:\/\/parafiaklimkowka.pl\/","name":"Parafia w Klimk\u00f3wce","description":"pw. \u015aw. Micha\u0142a Archanio\u0142a","publisher":{"@id":"https:\/\/parafiaklimkowka.pl\/#organization"},"potentialAction":[{"@type":"SearchAction","target":{"@type":"EntryPoint","urlTemplate":"https:\/\/parafiaklimkowka.pl\/?s={search_term_string}"},"query-input":"required name=search_term_string"}],"inLanguage":"pl-PL"},{"@type":"Organization","@id":"https:\/\/parafiaklimkowka.pl\/#organization","name":"Parafia p.w. \u015bw. Micha\u0142a Archanio\u0142a w Klimk\u00f3wce","url":"https:\/\/parafiaklimkowka.pl\/","logo":{"@type":"ImageObject","inLanguage":"pl-PL","@id":"https:\/\/parafiaklimkowka.pl\/#\/schema\/logo\/image\/","url":"http:\/\/parafiaklimkowka.pl\/wp-content\/uploads\/2019\/10\/anio\u01428_jpeg.jpg","contentUrl":"http:\/\/parafiaklimkowka.pl\/wp-content\/uploads\/2019\/10\/anio\u01428_jpeg.jpg","width":658,"height":483,"caption":"Parafia p.w. \u015bw. Micha\u0142a Archanio\u0142a w Klimk\u00f3wce"},"image":{"@id":"https:\/\/parafiaklimkowka.pl\/#\/schema\/logo\/image\/"}}]}},"_links":{"self":[{"href":"https:\/\/parafiaklimkowka.pl\/index.php\/wp-json\/wp\/v2\/pages\/116"}],"collection":[{"href":"https:\/\/parafiaklimkowka.pl\/index.php\/wp-json\/wp\/v2\/pages"}],"about":[{"href":"https:\/\/parafiaklimkowka.pl\/index.php\/wp-json\/wp\/v2\/types\/page"}],"author":[{"embeddable":true,"href":"https:\/\/parafiaklimkowka.pl\/index.php\/wp-json\/wp\/v2\/users\/1"}],"replies":[{"embeddable":true,"href":"https:\/\/parafiaklimkowka.pl\/index.php\/wp-json\/wp\/v2\/comments?post=116"}],"version-history":[{"count":9,"href":"https:\/\/parafiaklimkowka.pl\/index.php\/wp-json\/wp\/v2\/pages\/116\/revisions"}],"predecessor-version":[{"id":771,"href":"https:\/\/parafiaklimkowka.pl\/index.php\/wp-json\/wp\/v2\/pages\/116\/revisions\/771"}],"wp:featuredmedia":[{"embeddable":true,"href":"https:\/\/parafiaklimkowka.pl\/index.php\/wp-json\/wp\/v2\/media\/772"}],"wp:attachment":[{"href":"https:\/\/parafiaklimkowka.pl\/index.php\/wp-json\/wp\/v2\/media?parent=116"}],"curies":[{"name":"wp","href":"https:\/\/api.w.org\/{rel}","templated":true}]}}