{"id":237,"date":"2019-09-29T18:18:09","date_gmt":"2019-09-29T16:18:09","guid":{"rendered":"http:\/\/parafiaklimkowka.pl\/?page_id=237"},"modified":"2020-02-22T21:40:07","modified_gmt":"2020-02-22T20:40:07","slug":"akcja-katolicka","status":"publish","type":"page","link":"https:\/\/parafiaklimkowka.pl\/index.php\/wspolnoty-parafialne\/akcja-katolicka\/","title":{"rendered":"Akcja Katolicka"},"content":{"rendered":"<p><img loading=\"lazy\" decoding=\"async\" class=\"wp-image-405 alignleft\" src=\"https:\/\/parafiaklimkowka.pl\/wp-content\/uploads\/2019\/10\/logoAK.png\" alt=\"\" width=\"133\" height=\"196\"><\/p>\n<p style=\"text-align: justify;\"><span style=\"color: #000000;\">Historia powstania <strong>Akcji Katolickiej<\/strong> zwi\u0105zana jest z narastaj\u0105cymi atakami na Ko\u015bci\u00f3\u0142 i wiar\u0119 chrze\u015bcija\u0144sk\u0105, kt\u00f3re mia\u0142y miejsce na pocz\u0105tku XX wieku. Powsta\u0142y wtedy liczne antyko\u015bcielne i antyreligijne ugrupowania. W odpowiedzi na t\u0119 sytuacj\u0119 w sercu Papie\u017ca Piusa X zrodzi\u0142 si\u0119 pomys\u0142, \u017ce to w\u0142a\u015bnie ludzie \u015bwieccy stoj\u0105cy blisko Ko\u015bcio\u0142a musz\u0105 w\u0142\u0105czy\u0107 si\u0119 do dzia\u0142ania i stawia\u0107 op\u00f3r napieraj\u0105cemu z\u0142u.<\/span><br \/>\n<span style=\"color: #000000;\">W Polsce Akcja Katolicka powsta\u0142a przed wojn\u0105 w 1930r. dzi\u0119ki staraniom Ks. Kard. Augusta Hlonda. By\u0142a pomocna Ko\u015bcio\u0142owi w hamowaniu trend\u00f3w sekularyzacji i wypierania warto\u015bci chrze\u015bcija\u0144skich z \u017cycia spo\u0142ecznego. Dzia\u0142a\u0142a pr\u0119\u017cnie i rozwija\u0142a si\u0119 do wybuchu II wojny \u015bwiatowej. <\/span><br \/>\n<span style=\"color: #000000;\">Po zako\u0144czeniu wojny jej funkcjonowanie nie by\u0142o mo\u017cliwe z uwagi na og\u0142oszony przez w\u0142adze komunistyczne w 1949r. dekret, nakazuj\u0105cy rozwi\u0105zanie wszystkich organizacji ko\u015bcielnych. Taki stan rzeczy trwa\u0142 do roku 1989 w kt\u00f3rym po czerwcowych wyborach, w parafiach zacz\u0119\u0142y powstawa\u0107 organizacje religijne.<\/span><br \/>\n<span style=\"color: #000000;\">Bezpo\u015brednim impulsem do przywr\u00f3cenia Akcji Katolickiej w Polsce sta\u0142y si\u0119 s\u0142owa Jana Paw\u0142a II skierowane do polskich biskup\u00f3w w 1993r. podczas wizyty Ad Limina Apostolorum. Wtedy to do jednej z grup, \u015bwi\u0119ty papie\u017c powiedzia\u0142: \u201e<em>\u015awiat w kt\u00f3rym \u017cyjemy, znalaz\u0142 si\u0119 na jakim\u015b wielkim wira\u017cu historii. Zmienia si\u0119 oblicze Polski, Europy i \u015bwiata (\u2026). W Ko\u015bciele wybi\u0142a dzisiaj godzina laikatu. (\u2026) Trzeba by polscy katolicy, kt\u00f3rzy w okresie minionych lat pr\u00f3by dali tyle dowod\u00f3w ofiarno\u015bci i szczerego przywi\u0105zania do Ko\u015bcio\u0142a, dzisiaj na progu nowej epoki historii naszej Ojczyzny, z nowym zaanga\u017cowaniem przyj\u0119li to Chrystusowe zaproszenie, by zaj\u0119li w Ko\u015bciele swoje miejsce, jakie przys\u0142uguje im na mocy sakramentu Chrztu i Bierzmowania. (\u2026) Niezast\u0105pionym \u015brodkiem formacji apostolskiej \u015bwieckich s\u0105 organizacje, stowarzyszenia i ruchy katolickie. W\u015br\u00f3d nich szczeg\u00f3lne miejsce zajmuje Akcja Katolicka, kt\u00f3ra kiedy\u015b w Polsce by\u0142a tak \u017cywa i przynios\u0142a tyle wspania\u0142ych owoc\u00f3w. Trzeba aby na nowo od\u017cy\u0142a. Bez niej bowiem infrastruktura zrzesze\u0144 katolickich w Polsce by\u0142aby niepe\u0142na<\/em>\u201d. <\/span><br \/>\n<span style=\"color: #000000;\">Po powrocie z Rzymu biskupi podj\u0119li dzia\u0142ania maj\u0105ce na celu reaktywowanie Akcji Katolickiej, kt\u00f3re zosta\u0142y uwie\u0144czone sukcesem w dniu 2 maja 1996r, kiedy to Konferencja Episkopatu Polski powo\u0142a\u0142a do \u017cycia Akcj\u0119 Katolick\u0105 jako stowarzyszenie katolik\u00f3w \u015bwieckich. Jej celem jest w\u0142\u0105czanie ludzi \u015bwieckich w budowanie Ko\u015bcio\u0142a Chrystusowego oraz w zorganizowan\u0105 misj\u0119 apostolsk\u0105. Naszym charyzmatem jest bezpo\u015brednia wsp\u00f3\u0142praca z hierarchi\u0105 ko\u015bcieln\u0105 w prowadzeniu apostolskiej misji Ko\u015bcio\u0142a dla kszta\u0142towania \u015bwiata wed\u0142ug prawa Bo\u017cego.<\/span><br \/>\n<span style=\"color: #000000;\">Akcja Katolicka posiada statut nadany przez Konferencj\u0119 Episkopatu Polski, hymn i sztandar. G\u0142\u00f3wnym patronem Akcji katolickiej w Polsce jest \u015bw. Jan Pawe\u0142 II, a w naszej diecezji mamy jeszcze jednego patrona, jest nim \u015bw. Andrzej Bobola m\u0119czennik. Akcja Katolicka posiada swoj\u0105 struktur\u0119 organizacyjn\u0105 na kt\u00f3r\u0105 sk\u0142adaj\u0105 si\u0119 Parafialne Oddzia\u0142y Akcji Katolickiej, Diecezjalne Instytuty Akcji Katolickiej i Krajowy Instytut Akcji Katolickiej.<\/span><br \/>\n<span style=\"color: #000000;\">Program pracy na ka\u017cdy rok wyznaczaj\u0105 kierunki naznaczone przez Konferencj\u0119 Episkopatu Polski i okre\u015blone w li\u015bcie pasterskim biskupa diecezjalnego na dany rok liturgiczny oraz specyfika parafii.<\/span><\/p>\n<p style=\"text-align: justify;\"><span style=\"color: #000000;\">W naszej parafii Akcja Katolicka zosta\u0142a powo\u0142ana do \u017cycia dekretem Ks. Arcybiskupa J\u00f3zefa Michalika z dnia 19 listopada 2005r. w o\u015bmioosobowym sk\u0142adzie cz\u0142onk\u00f3w.<\/span><\/p>\n<div style=\"text-align: justify;\">Funkcje Parafialnych Asystent\u00f3w kolejno sprawowali ni\u017cej wymienieni Proboszczowie:<\/div>\n<ol>\n<li style=\"text-align: justify;\">Ks. Pra\u0142at Kazimierz Pa\u0144czyszyn w latach&nbsp;&nbsp;2005-2008<\/li>\n<li style=\"text-align: justify;\">Ks. Henryk Stec&nbsp;&nbsp;w latach&nbsp;&nbsp;2008-2017<\/li>\n<li style=\"text-align: justify;\">Ks. Bogdan Kielar od 2017r.<\/li>\n<\/ol>\n<p>Obecnie oddzia\u0142 sk\u0142ada si\u0119 z 10 cz\u0142onk\u00f3w zwyczajnych.<\/p>\n","protected":false},"excerpt":{"rendered":"<p>Historia powstania Akcji Katolickiej zwi\u0105zana jest z narastaj\u0105cymi atakami na Ko\u015bci\u00f3\u0142 i wiar\u0119 chrze\u015bcija\u0144sk\u0105, kt\u00f3re mia\u0142y miejsce na pocz\u0105tku XX wieku. Powsta\u0142y wtedy liczne antyko\u015bcielne i antyreligijne ugrupowania. W odpowiedzi [&hellip;]<\/p>\n","protected":false},"author":1,"featured_media":0,"parent":116,"menu_order":3,"comment_status":"closed","ping_status":"closed","template":"","meta":{"ngg_post_thumbnail":0,"footnotes":""},"yoast_head":"<!-- This site is optimized with the Yoast SEO plugin v23.2 - https:\/\/yoast.com\/wordpress\/plugins\/seo\/ -->\n<title>Akcja Katolicka - Parafia w Klimk\u00f3wce<\/title>\n<meta name=\"robots\" content=\"index, follow, max-snippet:-1, max-image-preview:large, max-video-preview:-1\" \/>\n<link rel=\"canonical\" href=\"https:\/\/parafiaklimkowka.pl\/index.php\/wspolnoty-parafialne\/akcja-katolicka\/\" \/>\n<meta property=\"og:locale\" content=\"pl_PL\" \/>\n<meta property=\"og:type\" content=\"article\" \/>\n<meta property=\"og:title\" content=\"Akcja Katolicka - Parafia w Klimk\u00f3wce\" \/>\n<meta property=\"og:description\" content=\"Historia powstania Akcji Katolickiej zwi\u0105zana jest z narastaj\u0105cymi atakami na Ko\u015bci\u00f3\u0142 i wiar\u0119 chrze\u015bcija\u0144sk\u0105, kt\u00f3re mia\u0142y miejsce na pocz\u0105tku XX wieku. Powsta\u0142y wtedy liczne antyko\u015bcielne i antyreligijne ugrupowania. W odpowiedzi [&hellip;]\" \/>\n<meta property=\"og:url\" content=\"https:\/\/parafiaklimkowka.pl\/index.php\/wspolnoty-parafialne\/akcja-katolicka\/\" \/>\n<meta property=\"og:site_name\" content=\"Parafia w Klimk\u00f3wce\" \/>\n<meta property=\"article:modified_time\" content=\"2020-02-22T20:40:07+00:00\" \/>\n<meta property=\"og:image\" content=\"http:\/\/parafiaklimkowka.pl\/wp-content\/uploads\/2019\/10\/logoAK.png\" \/>\n<meta name=\"twitter:card\" content=\"summary_large_image\" \/>\n<meta name=\"twitter:label1\" content=\"Szacowany czas czytania\" \/>\n\t<meta name=\"twitter:data1\" content=\"3 minuty\" \/>\n<script type=\"application\/ld+json\" class=\"yoast-schema-graph\">{\"@context\":\"https:\/\/schema.org\",\"@graph\":[{\"@type\":\"WebPage\",\"@id\":\"https:\/\/parafiaklimkowka.pl\/index.php\/wspolnoty-parafialne\/akcja-katolicka\/\",\"url\":\"https:\/\/parafiaklimkowka.pl\/index.php\/wspolnoty-parafialne\/akcja-katolicka\/\",\"name\":\"Akcja Katolicka - Parafia w Klimk\u00f3wce\",\"isPartOf\":{\"@id\":\"https:\/\/parafiaklimkowka.pl\/#website\"},\"primaryImageOfPage\":{\"@id\":\"https:\/\/parafiaklimkowka.pl\/index.php\/wspolnoty-parafialne\/akcja-katolicka\/#primaryimage\"},\"image\":{\"@id\":\"https:\/\/parafiaklimkowka.pl\/index.php\/wspolnoty-parafialne\/akcja-katolicka\/#primaryimage\"},\"thumbnailUrl\":\"http:\/\/parafiaklimkowka.pl\/wp-content\/uploads\/2019\/10\/logoAK.png\",\"datePublished\":\"2019-09-29T16:18:09+00:00\",\"dateModified\":\"2020-02-22T20:40:07+00:00\",\"breadcrumb\":{\"@id\":\"https:\/\/parafiaklimkowka.pl\/index.php\/wspolnoty-parafialne\/akcja-katolicka\/#breadcrumb\"},\"inLanguage\":\"pl-PL\",\"potentialAction\":[{\"@type\":\"ReadAction\",\"target\":[\"https:\/\/parafiaklimkowka.pl\/index.php\/wspolnoty-parafialne\/akcja-katolicka\/\"]}]},{\"@type\":\"ImageObject\",\"inLanguage\":\"pl-PL\",\"@id\":\"https:\/\/parafiaklimkowka.pl\/index.php\/wspolnoty-parafialne\/akcja-katolicka\/#primaryimage\",\"url\":\"http:\/\/parafiaklimkowka.pl\/wp-content\/uploads\/2019\/10\/logoAK.png\",\"contentUrl\":\"http:\/\/parafiaklimkowka.pl\/wp-content\/uploads\/2019\/10\/logoAK.png\"},{\"@type\":\"BreadcrumbList\",\"@id\":\"https:\/\/parafiaklimkowka.pl\/index.php\/wspolnoty-parafialne\/akcja-katolicka\/#breadcrumb\",\"itemListElement\":[{\"@type\":\"ListItem\",\"position\":1,\"name\":\"Strona g\u0142\u00f3wna\",\"item\":\"https:\/\/parafiaklimkowka.pl\/\"},{\"@type\":\"ListItem\",\"position\":2,\"name\":\"Wsp\u00f3lnoty\",\"item\":\"https:\/\/parafiaklimkowka.pl\/index.php\/wspolnoty-parafialne\/\"},{\"@type\":\"ListItem\",\"position\":3,\"name\":\"Akcja Katolicka\"}]},{\"@type\":\"WebSite\",\"@id\":\"https:\/\/parafiaklimkowka.pl\/#website\",\"url\":\"https:\/\/parafiaklimkowka.pl\/\",\"name\":\"Parafia w Klimk\u00f3wce\",\"description\":\"pw. \u015aw. Micha\u0142a Archanio\u0142a\",\"publisher\":{\"@id\":\"https:\/\/parafiaklimkowka.pl\/#organization\"},\"potentialAction\":[{\"@type\":\"SearchAction\",\"target\":{\"@type\":\"EntryPoint\",\"urlTemplate\":\"https:\/\/parafiaklimkowka.pl\/?s={search_term_string}\"},\"query-input\":\"required name=search_term_string\"}],\"inLanguage\":\"pl-PL\"},{\"@type\":\"Organization\",\"@id\":\"https:\/\/parafiaklimkowka.pl\/#organization\",\"name\":\"Parafia p.w. \u015bw. Micha\u0142a Archanio\u0142a w Klimk\u00f3wce\",\"url\":\"https:\/\/parafiaklimkowka.pl\/\",\"logo\":{\"@type\":\"ImageObject\",\"inLanguage\":\"pl-PL\",\"@id\":\"https:\/\/parafiaklimkowka.pl\/#\/schema\/logo\/image\/\",\"url\":\"http:\/\/parafiaklimkowka.pl\/wp-content\/uploads\/2019\/10\/anio\u01428_jpeg.jpg\",\"contentUrl\":\"http:\/\/parafiaklimkowka.pl\/wp-content\/uploads\/2019\/10\/anio\u01428_jpeg.jpg\",\"width\":658,\"height\":483,\"caption\":\"Parafia p.w. \u015bw. Micha\u0142a Archanio\u0142a w Klimk\u00f3wce\"},\"image\":{\"@id\":\"https:\/\/parafiaklimkowka.pl\/#\/schema\/logo\/image\/\"}}]}<\/script>\n<!-- \/ Yoast SEO plugin. -->","yoast_head_json":{"title":"Akcja Katolicka - Parafia w Klimk\u00f3wce","robots":{"index":"index","follow":"follow","max-snippet":"max-snippet:-1","max-image-preview":"max-image-preview:large","max-video-preview":"max-video-preview:-1"},"canonical":"https:\/\/parafiaklimkowka.pl\/index.php\/wspolnoty-parafialne\/akcja-katolicka\/","og_locale":"pl_PL","og_type":"article","og_title":"Akcja Katolicka - Parafia w Klimk\u00f3wce","og_description":"Historia powstania Akcji Katolickiej zwi\u0105zana jest z narastaj\u0105cymi atakami na Ko\u015bci\u00f3\u0142 i wiar\u0119 chrze\u015bcija\u0144sk\u0105, kt\u00f3re mia\u0142y miejsce na pocz\u0105tku XX wieku. Powsta\u0142y wtedy liczne antyko\u015bcielne i antyreligijne ugrupowania. W odpowiedzi [&hellip;]","og_url":"https:\/\/parafiaklimkowka.pl\/index.php\/wspolnoty-parafialne\/akcja-katolicka\/","og_site_name":"Parafia w Klimk\u00f3wce","article_modified_time":"2020-02-22T20:40:07+00:00","og_image":[{"url":"http:\/\/parafiaklimkowka.pl\/wp-content\/uploads\/2019\/10\/logoAK.png"}],"twitter_card":"summary_large_image","twitter_misc":{"Szacowany czas czytania":"3 minuty"},"schema":{"@context":"https:\/\/schema.org","@graph":[{"@type":"WebPage","@id":"https:\/\/parafiaklimkowka.pl\/index.php\/wspolnoty-parafialne\/akcja-katolicka\/","url":"https:\/\/parafiaklimkowka.pl\/index.php\/wspolnoty-parafialne\/akcja-katolicka\/","name":"Akcja Katolicka - Parafia w Klimk\u00f3wce","isPartOf":{"@id":"https:\/\/parafiaklimkowka.pl\/#website"},"primaryImageOfPage":{"@id":"https:\/\/parafiaklimkowka.pl\/index.php\/wspolnoty-parafialne\/akcja-katolicka\/#primaryimage"},"image":{"@id":"https:\/\/parafiaklimkowka.pl\/index.php\/wspolnoty-parafialne\/akcja-katolicka\/#primaryimage"},"thumbnailUrl":"http:\/\/parafiaklimkowka.pl\/wp-content\/uploads\/2019\/10\/logoAK.png","datePublished":"2019-09-29T16:18:09+00:00","dateModified":"2020-02-22T20:40:07+00:00","breadcrumb":{"@id":"https:\/\/parafiaklimkowka.pl\/index.php\/wspolnoty-parafialne\/akcja-katolicka\/#breadcrumb"},"inLanguage":"pl-PL","potentialAction":[{"@type":"ReadAction","target":["https:\/\/parafiaklimkowka.pl\/index.php\/wspolnoty-parafialne\/akcja-katolicka\/"]}]},{"@type":"ImageObject","inLanguage":"pl-PL","@id":"https:\/\/parafiaklimkowka.pl\/index.php\/wspolnoty-parafialne\/akcja-katolicka\/#primaryimage","url":"http:\/\/parafiaklimkowka.pl\/wp-content\/uploads\/2019\/10\/logoAK.png","contentUrl":"http:\/\/parafiaklimkowka.pl\/wp-content\/uploads\/2019\/10\/logoAK.png"},{"@type":"BreadcrumbList","@id":"https:\/\/parafiaklimkowka.pl\/index.php\/wspolnoty-parafialne\/akcja-katolicka\/#breadcrumb","itemListElement":[{"@type":"ListItem","position":1,"name":"Strona g\u0142\u00f3wna","item":"https:\/\/parafiaklimkowka.pl\/"},{"@type":"ListItem","position":2,"name":"Wsp\u00f3lnoty","item":"https:\/\/parafiaklimkowka.pl\/index.php\/wspolnoty-parafialne\/"},{"@type":"ListItem","position":3,"name":"Akcja Katolicka"}]},{"@type":"WebSite","@id":"https:\/\/parafiaklimkowka.pl\/#website","url":"https:\/\/parafiaklimkowka.pl\/","name":"Parafia w Klimk\u00f3wce","description":"pw. \u015aw. Micha\u0142a Archanio\u0142a","publisher":{"@id":"https:\/\/parafiaklimkowka.pl\/#organization"},"potentialAction":[{"@type":"SearchAction","target":{"@type":"EntryPoint","urlTemplate":"https:\/\/parafiaklimkowka.pl\/?s={search_term_string}"},"query-input":"required name=search_term_string"}],"inLanguage":"pl-PL"},{"@type":"Organization","@id":"https:\/\/parafiaklimkowka.pl\/#organization","name":"Parafia p.w. \u015bw. Micha\u0142a Archanio\u0142a w Klimk\u00f3wce","url":"https:\/\/parafiaklimkowka.pl\/","logo":{"@type":"ImageObject","inLanguage":"pl-PL","@id":"https:\/\/parafiaklimkowka.pl\/#\/schema\/logo\/image\/","url":"http:\/\/parafiaklimkowka.pl\/wp-content\/uploads\/2019\/10\/anio\u01428_jpeg.jpg","contentUrl":"http:\/\/parafiaklimkowka.pl\/wp-content\/uploads\/2019\/10\/anio\u01428_jpeg.jpg","width":658,"height":483,"caption":"Parafia p.w. \u015bw. Micha\u0142a Archanio\u0142a w Klimk\u00f3wce"},"image":{"@id":"https:\/\/parafiaklimkowka.pl\/#\/schema\/logo\/image\/"}}]}},"_links":{"self":[{"href":"https:\/\/parafiaklimkowka.pl\/index.php\/wp-json\/wp\/v2\/pages\/237"}],"collection":[{"href":"https:\/\/parafiaklimkowka.pl\/index.php\/wp-json\/wp\/v2\/pages"}],"about":[{"href":"https:\/\/parafiaklimkowka.pl\/index.php\/wp-json\/wp\/v2\/types\/page"}],"author":[{"embeddable":true,"href":"https:\/\/parafiaklimkowka.pl\/index.php\/wp-json\/wp\/v2\/users\/1"}],"replies":[{"embeddable":true,"href":"https:\/\/parafiaklimkowka.pl\/index.php\/wp-json\/wp\/v2\/comments?post=237"}],"version-history":[{"count":8,"href":"https:\/\/parafiaklimkowka.pl\/index.php\/wp-json\/wp\/v2\/pages\/237\/revisions"}],"predecessor-version":[{"id":1960,"href":"https:\/\/parafiaklimkowka.pl\/index.php\/wp-json\/wp\/v2\/pages\/237\/revisions\/1960"}],"up":[{"embeddable":true,"href":"https:\/\/parafiaklimkowka.pl\/index.php\/wp-json\/wp\/v2\/pages\/116"}],"wp:attachment":[{"href":"https:\/\/parafiaklimkowka.pl\/index.php\/wp-json\/wp\/v2\/media?parent=237"}],"curies":[{"name":"wp","href":"https:\/\/api.w.org\/{rel}","templated":true}]}}