{"id":243,"date":"2019-09-29T18:19:46","date_gmt":"2019-09-29T16:19:46","guid":{"rendered":"http:\/\/parafiaklimkowka.pl\/?page_id=243"},"modified":"2023-02-01T20:23:01","modified_gmt":"2023-02-01T19:23:01","slug":"roze-rozancowe","status":"publish","type":"page","link":"https:\/\/parafiaklimkowka.pl\/index.php\/wspolnoty-parafialne\/roze-rozancowe\/","title":{"rendered":"R\u00f3\u017ce R\u00f3\u017ca\u0144cowe"},"content":{"rendered":"<p style=\"text-align: justify;\"><strong><em>\u201ePi\u0119tna\u015bcie w\u0119gli..: Jeden p\u0142onie, trzy lub cztery tl\u0105 si\u0119 zaledwie, pozosta\u0142e s\u0105 zimne &#8211; ale zbierzcie je razem, a wybuchn\u0105 ogniem!. Oto w\u0142a\u015bciwy charakter \u017bywego R\u00f3\u017ca\u0144ca\u201d <\/em><\/strong><em>(Paulina Jaricot)<\/em><\/p>\n<h3><a href=\"https:\/\/parafiaklimkowka.pl\/wp-content\/uploads\/2020\/02\/roze.pdf\">Ro\u017ce R\u00f3\u017ca\u0144cowe w Parafii<\/a><\/h3>\n<p style=\"text-align: center;\"><strong>\u017bywy R\u00f3\u017caniec<\/strong><\/p>\n<p style=\"text-align: justify;\">Jak sama nazwa wskazuje jest dzie\u0142em ludzi wierz\u0105cych, kt\u00f3rzy w codziennej modlitwie r\u00f3\u017ca\u0144cowej wspieraj\u0105 ca\u0142y Ko\u015bci\u00f3\u0142. &nbsp;Swoje powstanie zawdzi\u0119cza Paulinie Jaricot, kt\u00f3ra w 1826 roku we francuskim Lyonie za\u0142o\u017cy\u0142a pierwsz\u0105 R\u00f3\u017c\u0119. Po pewnym czasie \u017bywy R\u00f3\u017caniec sta\u0142 si\u0119 bardzo popularny w ca\u0142ej Francji, a jeden z biskup\u00f3w, zdumiony religijnym o\u017cywieniem w swojej diecezji, napisa\u0142: &#8222;<em>Przypisuj\u0119 to dzia\u0142aniu \u017bywego R\u00f3\u017ca\u0144ca<\/em>&#8222;. W 1827r. Papie\u017c Leon XII pob\u0142ogos\u0142awi\u0142 to dzie\u0142o, a w 1832r. Grzegorz XVI wyda\u0142 dokument zatwierdzaj\u0105cy Stowarzyszenie \u017bywego R\u00f3\u017ca\u0144ca.<\/p>\n<p style=\"text-align: justify;\">Rozpoczynaj\u0105c 25 rok swojego pontyfikatu, Jan Pawe\u0142 II w li\u015bcie apostolskim zatytu\u0142owanym \u201eR\u00f3\u017caniec Dziewicy Maryi\u201d og\u0142osi\u0142 Rok R\u00f3\u017ca\u0144ca (okres od pa\u017adziernika 2002 do pa\u017adziernika 2003 roku). Wtedy te\u017c Ojciec \u015awi\u0119ty ustanowi\u0142 jeszcze jedn\u0105 cz\u0119\u015b\u0107 R\u00f3\u017ca\u0144ca \u015bw., tajemnice \u015bwiat\u0142a, uwzgl\u0119dniaj\u0105ce lata publicznej dzia\u0142alno\u015bci Pana Jezusa, \u201e<em>aby r\u00f3\u017caniec w pe\u0142niejszy spos\u00f3b mo\u017cna by\u0142o nazwa\u0107 streszczeniem Ewangelii<\/em>\u201d. Odt\u0105d ca\u0142y r\u00f3\u017caniec liczy 20 tajemnic, a \u017cywe R\u00f3\u017ce sk\u0142adaj\u0105 si\u0119 z 20 cz\u0142onk\u00f3w modl\u0105cych si\u0119 w intencjach wyznaczonych przez papie\u017ca. &nbsp;<\/p>\n<p style=\"text-align: justify;\">Gdy kilkadziesi\u0105t lat p\u00f3\u017aniej powsta\u0142y Papieskie Dzie\u0142a Misyjne, \u017bywy R\u00f3\u017caniec w naturalny spos\u00f3b sta\u0142 si\u0119 ich wiernym wsp\u00f3\u0142pracownikiem.<\/p>\n<p style=\"text-align: justify;\"><em>\u00abModlitwa r\u00f3\u017ca\u0144cowa jest modlitw\u0105 cz\u0142owieka za cz\u0142owieka; jest modlitw\u0105 ludzkiej solidarno\u015bci, modlitw\u0105 wsp\u00f3ln\u0105 odkupionych, kt\u00f3ra odbija w sobie ducha i intencje pierwszej z odkupionych, Maryi, Matki i obrazu Ko\u015bcio\u0142a; jest modlitw\u0105 za wszystkich ludzi \u015bwiata i historii, \u017cywych i umar\u0142ych, powo\u0142anych do tworzenia wraz z nami Cia\u0142a Chrystusa i do stania si\u0119 wraz z Nim wsp\u00f3\u0142dziedzicami chwa\u0142y Ojca\u00bb.<\/em> (<em>Jan Pawe\u0142 II)<\/em><\/p>\n<hr>\n<p><strong>Odpusty zupe\u0142ne dla cz\u0142onk\u00f3w \u017bywego R\u00f3\u017ca\u0144ca<\/strong><\/p>\n<p style=\"text-align: justify;\">Mo\u017cna otrzyma\u0107 je w dniu przyj\u0119cia do \u017bywego R\u00f3\u017ca\u0144ca, a tak\u017ce w dniach szczeg\u00f3lnie wa\u017cnych dla modlitwy r\u00f3\u017ca\u0144cowej:<\/p>\n<ul>\n<li>w dniu Ofiarowania Pa\u0144skiego (2 lutego),<\/li>\n<li>w dniu Zwiastowania Pa\u0144skiego (25 marca),<\/li>\n<li>w dniu Zmartwychwstania Pa\u0144skiego,<\/li>\n<li>w dniu Wniebowzi\u0119cia Naj\u015bwi\u0119tszej Maryi Panny (15 sierpnia),<\/li>\n<li>w dniu Matki Bo\u017cej R\u00f3\u017ca\u0144cowej (7 pa\u017adziernika),<\/li>\n<li>w dniu Niepokalanego Pocz\u0119cia Naj\u015bwi\u0119tszej Maryi Panny (8 grudnia),<\/li>\n<li>w dniu Narodzenia Pa\u0144skiego (25 grudnia).<\/li>\n<li>W rocznice przyj\u0119cia do \u017bywego R\u00f3\u017ca\u0144ca<br \/>\n<hr>\n<\/li>\n<\/ul>\n<h3><strong>Tajemnice R\u00f3\u017ca\u0144ca \u015awi\u0119tego<\/strong><\/h3>\n<p><strong><u>Tajemnice radosne (poniedzia\u0142ek, sobota)<\/u><\/strong><\/p>\n<ol>\n<li>Zwiastowanie Naj\u015bwi\u0119tszej Maryi Pannie,<\/li>\n<li>Nawiedzenie \u015bw.&nbsp;El\u017cbiety,<\/li>\n<li>Narodzenie Pana Jezusa w&nbsp;Betlejem,<\/li>\n<li>Ofiarowanie Pana Jezusa w&nbsp;\u015bwi\u0105tyni,<\/li>\n<li>Znalezienie Pana Jezusa w&nbsp;\u015bwi\u0105tyni.<\/li>\n<\/ol>\n<p><strong><u>Tajemnice \u015bwiat\u0142a (czwartek)<\/u><\/strong><\/p>\n<ol>\n<li>Chrzest Pana Jezusa,<\/li>\n<li>Objawienie Pana Jezusa na&nbsp;weselu w&nbsp;Kanie Galilejskiej,<\/li>\n<li>G\u0142oszenie Kr\u00f3lestwa Bo\u017cego i&nbsp;wzywanie do&nbsp;nawr\u00f3cenia,<\/li>\n<li>Przemienienie na&nbsp;g\u00f3rze Tabor,<\/li>\n<li>Ustanowienie Eucharystii.<\/li>\n<\/ol>\n<p><strong>&nbsp;<u>Tajemnice bolesne (wtorek, pi\u0105tek)<\/u><\/strong><\/p>\n<ol>\n<li>Modlitwa Pana Jezusa w&nbsp;ogr\u00f3jcu,<\/li>\n<li>Biczowanie Pana Jezusa,<\/li>\n<li>Cierniem ukoronowanie Pana Jezusa,<\/li>\n<li>Droga krzy\u017cowa,<\/li>\n<li>\u015amier\u0107 Pana Jezusa na&nbsp;krzy\u017cu.<\/li>\n<\/ol>\n<p><strong><u>Tajemnice chwalebne (\u015broda, niedziela)<\/u><\/strong><\/p>\n<ol>\n<li>Zmartwychwstanie Pana Jezusa,<\/li>\n<li>Wniebowst\u0105pienie Pana Jezusa,<\/li>\n<li>Zes\u0142anie Ducha \u015awi\u0119tego,<\/li>\n<li>Wniebowzi\u0119cie Naj\u015bwi\u0119tszej Maryi Panny,<\/li>\n<li>Ukoronowanie Matki Bo\u017cej na&nbsp;Kr\u00f3low\u0105 nieba i&nbsp;ziemi.<\/li>\n<\/ol>\n","protected":false},"excerpt":{"rendered":"<p>\u201ePi\u0119tna\u015bcie w\u0119gli..: Jeden p\u0142onie, trzy lub cztery tl\u0105 si\u0119 zaledwie, pozosta\u0142e s\u0105 zimne &#8211; ale zbierzcie je razem, a wybuchn\u0105 ogniem!. Oto w\u0142a\u015bciwy charakter \u017bywego R\u00f3\u017ca\u0144ca\u201d (Paulina Jaricot) Ro\u017ce R\u00f3\u017ca\u0144cowe [&hellip;]<\/p>\n","protected":false},"author":1,"featured_media":0,"parent":116,"menu_order":6,"comment_status":"closed","ping_status":"closed","template":"","meta":{"ngg_post_thumbnail":0,"footnotes":""},"yoast_head":"<!-- This site is optimized with the Yoast SEO plugin v23.2 - https:\/\/yoast.com\/wordpress\/plugins\/seo\/ -->\n<title>R\u00f3\u017ce R\u00f3\u017ca\u0144cowe - Parafia w Klimk\u00f3wce<\/title>\n<meta name=\"robots\" content=\"index, follow, max-snippet:-1, max-image-preview:large, max-video-preview:-1\" \/>\n<link rel=\"canonical\" href=\"https:\/\/parafiaklimkowka.pl\/index.php\/wspolnoty-parafialne\/roze-rozancowe\/\" \/>\n<meta property=\"og:locale\" content=\"pl_PL\" \/>\n<meta property=\"og:type\" content=\"article\" \/>\n<meta property=\"og:title\" content=\"R\u00f3\u017ce R\u00f3\u017ca\u0144cowe - Parafia w Klimk\u00f3wce\" \/>\n<meta property=\"og:description\" content=\"\u201ePi\u0119tna\u015bcie w\u0119gli..: Jeden p\u0142onie, trzy lub cztery tl\u0105 si\u0119 zaledwie, pozosta\u0142e s\u0105 zimne &#8211; ale zbierzcie je razem, a wybuchn\u0105 ogniem!. Oto w\u0142a\u015bciwy charakter \u017bywego R\u00f3\u017ca\u0144ca\u201d (Paulina Jaricot) Ro\u017ce R\u00f3\u017ca\u0144cowe [&hellip;]\" \/>\n<meta property=\"og:url\" content=\"https:\/\/parafiaklimkowka.pl\/index.php\/wspolnoty-parafialne\/roze-rozancowe\/\" \/>\n<meta property=\"og:site_name\" content=\"Parafia w Klimk\u00f3wce\" \/>\n<meta property=\"article:modified_time\" content=\"2023-02-01T19:23:01+00:00\" \/>\n<meta name=\"twitter:card\" content=\"summary_large_image\" \/>\n<meta name=\"twitter:label1\" content=\"Szacowany czas czytania\" \/>\n\t<meta name=\"twitter:data1\" content=\"3 minuty\" \/>\n<script type=\"application\/ld+json\" class=\"yoast-schema-graph\">{\"@context\":\"https:\/\/schema.org\",\"@graph\":[{\"@type\":\"WebPage\",\"@id\":\"https:\/\/parafiaklimkowka.pl\/index.php\/wspolnoty-parafialne\/roze-rozancowe\/\",\"url\":\"https:\/\/parafiaklimkowka.pl\/index.php\/wspolnoty-parafialne\/roze-rozancowe\/\",\"name\":\"R\u00f3\u017ce R\u00f3\u017ca\u0144cowe - Parafia w Klimk\u00f3wce\",\"isPartOf\":{\"@id\":\"https:\/\/parafiaklimkowka.pl\/#website\"},\"datePublished\":\"2019-09-29T16:19:46+00:00\",\"dateModified\":\"2023-02-01T19:23:01+00:00\",\"breadcrumb\":{\"@id\":\"https:\/\/parafiaklimkowka.pl\/index.php\/wspolnoty-parafialne\/roze-rozancowe\/#breadcrumb\"},\"inLanguage\":\"pl-PL\",\"potentialAction\":[{\"@type\":\"ReadAction\",\"target\":[\"https:\/\/parafiaklimkowka.pl\/index.php\/wspolnoty-parafialne\/roze-rozancowe\/\"]}]},{\"@type\":\"BreadcrumbList\",\"@id\":\"https:\/\/parafiaklimkowka.pl\/index.php\/wspolnoty-parafialne\/roze-rozancowe\/#breadcrumb\",\"itemListElement\":[{\"@type\":\"ListItem\",\"position\":1,\"name\":\"Strona g\u0142\u00f3wna\",\"item\":\"https:\/\/parafiaklimkowka.pl\/\"},{\"@type\":\"ListItem\",\"position\":2,\"name\":\"Wsp\u00f3lnoty\",\"item\":\"https:\/\/parafiaklimkowka.pl\/index.php\/wspolnoty-parafialne\/\"},{\"@type\":\"ListItem\",\"position\":3,\"name\":\"R\u00f3\u017ce R\u00f3\u017ca\u0144cowe\"}]},{\"@type\":\"WebSite\",\"@id\":\"https:\/\/parafiaklimkowka.pl\/#website\",\"url\":\"https:\/\/parafiaklimkowka.pl\/\",\"name\":\"Parafia w Klimk\u00f3wce\",\"description\":\"pw. \u015aw. Micha\u0142a Archanio\u0142a\",\"publisher\":{\"@id\":\"https:\/\/parafiaklimkowka.pl\/#organization\"},\"potentialAction\":[{\"@type\":\"SearchAction\",\"target\":{\"@type\":\"EntryPoint\",\"urlTemplate\":\"https:\/\/parafiaklimkowka.pl\/?s={search_term_string}\"},\"query-input\":\"required name=search_term_string\"}],\"inLanguage\":\"pl-PL\"},{\"@type\":\"Organization\",\"@id\":\"https:\/\/parafiaklimkowka.pl\/#organization\",\"name\":\"Parafia p.w. \u015bw. Micha\u0142a Archanio\u0142a w Klimk\u00f3wce\",\"url\":\"https:\/\/parafiaklimkowka.pl\/\",\"logo\":{\"@type\":\"ImageObject\",\"inLanguage\":\"pl-PL\",\"@id\":\"https:\/\/parafiaklimkowka.pl\/#\/schema\/logo\/image\/\",\"url\":\"http:\/\/parafiaklimkowka.pl\/wp-content\/uploads\/2019\/10\/anio\u01428_jpeg.jpg\",\"contentUrl\":\"http:\/\/parafiaklimkowka.pl\/wp-content\/uploads\/2019\/10\/anio\u01428_jpeg.jpg\",\"width\":658,\"height\":483,\"caption\":\"Parafia p.w. \u015bw. Micha\u0142a Archanio\u0142a w Klimk\u00f3wce\"},\"image\":{\"@id\":\"https:\/\/parafiaklimkowka.pl\/#\/schema\/logo\/image\/\"}}]}<\/script>\n<!-- \/ Yoast SEO plugin. -->","yoast_head_json":{"title":"R\u00f3\u017ce R\u00f3\u017ca\u0144cowe - Parafia w Klimk\u00f3wce","robots":{"index":"index","follow":"follow","max-snippet":"max-snippet:-1","max-image-preview":"max-image-preview:large","max-video-preview":"max-video-preview:-1"},"canonical":"https:\/\/parafiaklimkowka.pl\/index.php\/wspolnoty-parafialne\/roze-rozancowe\/","og_locale":"pl_PL","og_type":"article","og_title":"R\u00f3\u017ce R\u00f3\u017ca\u0144cowe - Parafia w Klimk\u00f3wce","og_description":"\u201ePi\u0119tna\u015bcie w\u0119gli..: Jeden p\u0142onie, trzy lub cztery tl\u0105 si\u0119 zaledwie, pozosta\u0142e s\u0105 zimne &#8211; ale zbierzcie je razem, a wybuchn\u0105 ogniem!. Oto w\u0142a\u015bciwy charakter \u017bywego R\u00f3\u017ca\u0144ca\u201d (Paulina Jaricot) Ro\u017ce R\u00f3\u017ca\u0144cowe [&hellip;]","og_url":"https:\/\/parafiaklimkowka.pl\/index.php\/wspolnoty-parafialne\/roze-rozancowe\/","og_site_name":"Parafia w Klimk\u00f3wce","article_modified_time":"2023-02-01T19:23:01+00:00","twitter_card":"summary_large_image","twitter_misc":{"Szacowany czas czytania":"3 minuty"},"schema":{"@context":"https:\/\/schema.org","@graph":[{"@type":"WebPage","@id":"https:\/\/parafiaklimkowka.pl\/index.php\/wspolnoty-parafialne\/roze-rozancowe\/","url":"https:\/\/parafiaklimkowka.pl\/index.php\/wspolnoty-parafialne\/roze-rozancowe\/","name":"R\u00f3\u017ce R\u00f3\u017ca\u0144cowe - Parafia w Klimk\u00f3wce","isPartOf":{"@id":"https:\/\/parafiaklimkowka.pl\/#website"},"datePublished":"2019-09-29T16:19:46+00:00","dateModified":"2023-02-01T19:23:01+00:00","breadcrumb":{"@id":"https:\/\/parafiaklimkowka.pl\/index.php\/wspolnoty-parafialne\/roze-rozancowe\/#breadcrumb"},"inLanguage":"pl-PL","potentialAction":[{"@type":"ReadAction","target":["https:\/\/parafiaklimkowka.pl\/index.php\/wspolnoty-parafialne\/roze-rozancowe\/"]}]},{"@type":"BreadcrumbList","@id":"https:\/\/parafiaklimkowka.pl\/index.php\/wspolnoty-parafialne\/roze-rozancowe\/#breadcrumb","itemListElement":[{"@type":"ListItem","position":1,"name":"Strona g\u0142\u00f3wna","item":"https:\/\/parafiaklimkowka.pl\/"},{"@type":"ListItem","position":2,"name":"Wsp\u00f3lnoty","item":"https:\/\/parafiaklimkowka.pl\/index.php\/wspolnoty-parafialne\/"},{"@type":"ListItem","position":3,"name":"R\u00f3\u017ce R\u00f3\u017ca\u0144cowe"}]},{"@type":"WebSite","@id":"https:\/\/parafiaklimkowka.pl\/#website","url":"https:\/\/parafiaklimkowka.pl\/","name":"Parafia w Klimk\u00f3wce","description":"pw. \u015aw. Micha\u0142a Archanio\u0142a","publisher":{"@id":"https:\/\/parafiaklimkowka.pl\/#organization"},"potentialAction":[{"@type":"SearchAction","target":{"@type":"EntryPoint","urlTemplate":"https:\/\/parafiaklimkowka.pl\/?s={search_term_string}"},"query-input":"required name=search_term_string"}],"inLanguage":"pl-PL"},{"@type":"Organization","@id":"https:\/\/parafiaklimkowka.pl\/#organization","name":"Parafia p.w. \u015bw. Micha\u0142a Archanio\u0142a w Klimk\u00f3wce","url":"https:\/\/parafiaklimkowka.pl\/","logo":{"@type":"ImageObject","inLanguage":"pl-PL","@id":"https:\/\/parafiaklimkowka.pl\/#\/schema\/logo\/image\/","url":"http:\/\/parafiaklimkowka.pl\/wp-content\/uploads\/2019\/10\/anio\u01428_jpeg.jpg","contentUrl":"http:\/\/parafiaklimkowka.pl\/wp-content\/uploads\/2019\/10\/anio\u01428_jpeg.jpg","width":658,"height":483,"caption":"Parafia p.w. \u015bw. Micha\u0142a Archanio\u0142a w Klimk\u00f3wce"},"image":{"@id":"https:\/\/parafiaklimkowka.pl\/#\/schema\/logo\/image\/"}}]}},"_links":{"self":[{"href":"https:\/\/parafiaklimkowka.pl\/index.php\/wp-json\/wp\/v2\/pages\/243"}],"collection":[{"href":"https:\/\/parafiaklimkowka.pl\/index.php\/wp-json\/wp\/v2\/pages"}],"about":[{"href":"https:\/\/parafiaklimkowka.pl\/index.php\/wp-json\/wp\/v2\/types\/page"}],"author":[{"embeddable":true,"href":"https:\/\/parafiaklimkowka.pl\/index.php\/wp-json\/wp\/v2\/users\/1"}],"replies":[{"embeddable":true,"href":"https:\/\/parafiaklimkowka.pl\/index.php\/wp-json\/wp\/v2\/comments?post=243"}],"version-history":[{"count":58,"href":"https:\/\/parafiaklimkowka.pl\/index.php\/wp-json\/wp\/v2\/pages\/243\/revisions"}],"predecessor-version":[{"id":8289,"href":"https:\/\/parafiaklimkowka.pl\/index.php\/wp-json\/wp\/v2\/pages\/243\/revisions\/8289"}],"up":[{"embeddable":true,"href":"https:\/\/parafiaklimkowka.pl\/index.php\/wp-json\/wp\/v2\/pages\/116"}],"wp:attachment":[{"href":"https:\/\/parafiaklimkowka.pl\/index.php\/wp-json\/wp\/v2\/media?parent=243"}],"curies":[{"name":"wp","href":"https:\/\/api.w.org\/{rel}","templated":true}]}}