{"id":313,"date":"2019-10-07T19:44:07","date_gmt":"2019-10-07T17:44:07","guid":{"rendered":"http:\/\/parafiaklimkowka.pl\/?page_id=313"},"modified":"2020-02-01T19:12:47","modified_gmt":"2020-02-01T18:12:47","slug":"msza-swieta","status":"publish","type":"page","link":"https:\/\/parafiaklimkowka.pl\/index.php\/kancelaria\/msza-swieta\/","title":{"rendered":"Msza \u015awi\u0119ta"},"content":{"rendered":"\n<figure class=\"wp-block-image size-large is-resized\"><img loading=\"lazy\" decoding=\"async\" src=\"https:\/\/parafiaklimkowka.pl\/wp-content\/uploads\/2020\/02\/msza1.jpg\" alt=\"\" class=\"wp-image-1852\" width=\"707\" height=\"286\" srcset=\"https:\/\/parafiaklimkowka.pl\/wp-content\/uploads\/2020\/02\/msza1.jpg 802w, https:\/\/parafiaklimkowka.pl\/wp-content\/uploads\/2020\/02\/msza1-300x122.jpg 300w, https:\/\/parafiaklimkowka.pl\/wp-content\/uploads\/2020\/02\/msza1-768x312.jpg 768w\" sizes=\"(max-width: 707px) 100vw, 707px\" \/><\/figure>\n\n\n<h4><em>\u201eTo czy\u0144cie na moj\u0105 pami\u0105tk\u0119\u201d (\u0141k 22,19)<\/em><\/h4>\n<p style=\"text-align: justify;\"><strong>1 grudnia 2019r rozpocz\u0105\u0142 si\u0119 rok duszpasterski, kt\u00f3ry Episkopat Polski zatytu\u0142owa\u0142 \u201eWielka tajemnica wiary\u201d. Jest to pierwszy rok trzyletniego programu duszpasterskiego prze\u017cywanego pod has\u0142em \u201eEucharystia daje \u017cycie\u201d<br><\/strong><\/p>\n<p style=\"text-align: justify;\"><strong>W pierwszym roku b\u0119dzie obowi\u0105zywa\u0142 temat: \u201eWielka tajemnica wiary\u201d z mottem biblijnym: \u201e[\u2026] aby\u015bcie uwierzyli w Tego, kt\u00f3rego [B\u00f3g] pos\u0142a\u0142\u201d (J 6,29).<\/strong><\/p>\n<p style=\"text-align: justify;\"><strong>W drugim roku programu tematem b\u0119d\u0105 s\u0142owa: \u201eZgromadzeni na \u015bwi\u0119tej wieczerzy\u201d z mottem biblijnym: \u201e[\u2026] Ojciec m\u00f3j da wam prawdziwy chleb z nieba\u201d (J 6,32).<\/strong><\/p>\n<p style=\"text-align: justify;\"><strong>Tematem trzeciego roku programu b\u0119d\u0105 s\u0142owa: \u201ePos\u0142ani w pokoju Chrystusa\u201d z mottem: \u201eten, kto mnie spo\u017cywa, b\u0119dzie \u017cy\u0142 przeze Mnie\u201d (J 6,57).<\/strong><\/p>\n<p style=\"text-align: justify;\">Pan Jezus ustanowi\u0142 Msz\u0119 \u015awi\u0119t\u0105 podczas ostatniej wieczerzy, kt\u00f3r\u0105 niekiedy nazywamy pierwsz\u0105 Msz\u0105 \u015awi\u0119t\u0105. Sob\u00f3r Watyka\u0144ski II przypomina, \u017ce Zbawiciel \u201eustanowi\u0142 eucharystyczn\u0105 Ofiar\u0119 Cia\u0142a i Krwi swojej, aby w niej na ca\u0142e wieki, a\u017c do swego przyj\u015bcia, utrwali\u0107 ofiar\u0119 krzy\u017ca\u201d (KL 47). Sprawowanie ofiary eucharystycznej jest nastawione na wewn\u0119trzne zjednoczenie wiernych z Chrystusem przez Komuni\u0119. Do tej ofiary Jezusa mamy do\u0142\u0105cza\u0107 swoj\u0105 codzienno\u015b\u0107. <br>(\u2026) Ka\u017cdy inny sakrament nie jest bardziej zbawienny; on usuwa grzechy, pomna\u017ca cnoty, dusz\u0119 nasyca obfito\u015bci\u0105 duchowych dar\u00f3w. (\u015bw. Tomasz z Akwinu).<\/p>\n<p><strong>Cz\u0119\u015bci Mszy \u015awi\u0119tej:<\/strong><br>1. Liturgia S\u0142owa.<br>2. Liturgia Ofiary.<br>Liturgia Ofiary dzieli si\u0119 na trzy cz\u0119\u015bci:<br>1. Przygotowanie dar\u00f3w ofiarnych.<br>2. Modlitwa eucharystyczna z Przeistoczeniem czyli Dokonanie Ofiary.<br>3. Komunia, czyli Uczta Ofiarna.<\/p>\n<p style=\"text-align: justify;\"><strong>MSZA \u015aWI\u0118TA \u2014 LITURGIA S\u0141OWA<\/strong><br>Pierwsz\u0105 cz\u0119\u015b\u0107 Mszy \u015bwi\u0119tej nazywamy Liturgi\u0105 S\u0142owa. W tej bowiem cz\u0119\u015bci Mszy \u015bwi\u0119tej przemawia do wszystkich zebranych w ko\u015bciele Pan B\u00f3g s\u0142owami Pisma \u015bwi\u0119tego. Czytane s\u0105 najpierw wyj\u0105tki ze Starego Testamentu, Dziej\u00f3w i List\u00f3w Apostolskich. Szczeg\u00f3lne znaczenie maj\u0105 s\u0142owa Chrystusa czyli Ewangelia. Stoj\u0105c s\u0142uchamy Ewangelii \u015bwi\u0119tej, kt\u00f3ra opowiada nam o \u017cyciu i nauce Pana Jezusa. W niedziele i \u015bwi\u0119ta kap\u0142an wyja\u015bnia s\u0142owo Bo\u017ce w kazaniu. Na us\u0142yszane s\u0142owo Bo\u017ce ludzie odpowiadaj\u0105 wyznaniem wiary i modlitw\u0105.<\/p>\n<p><strong>MSZA \u015aWI\u0118TA \u2014 LITURGIA OFIARY<\/strong><\/p>\n<p style=\"text-align: justify;\"><em><strong>Cz\u0119\u015b\u0107 I<\/strong><\/em> \u2014 Przygotowanie dar\u00f3w ofiarnych.<br>Pan Jezus w czasie pierwszej Mszy \u015bwi\u0119tej w Wieczerniku wzi\u0105\u0142 w Swoje r\u0119ce przygotowany chleb i kielich z winem i modli\u0142 si\u0119 nad tymi darami, kt\u00f3re mia\u0142y sta\u0107 si\u0119 Cia\u0142em i Krwi\u0105 Jego.<br>Kap\u0142an r\u00f3wnie\u017c przygotowuje w tej cz\u0119\u015bci Mszy \u015bwi\u0119tej chleb i wino do z\u0142o\u017cenia ofiary. Ten chleb i wino stan\u0105 si\u0119 wkr\u00f3tce Cia\u0142em i Krwi\u0105 Pana Jezusa.<br>Kiedy kap\u0142an sk\u0142ada na o\u0142tarzu dary ofiarne, obecni na Mszy \u015bwi\u0119tej powinni przygotowa\u0107 si\u0119 do z\u0142o\u017cenia swego osobistego daru. Tym darem mo\u017ce by\u0107 modlitwa, przebaczenie dla bli\u017anich, nasze troski, potrzeby i cierpienia.<\/p>\n<p style=\"text-align: justify;\"><em><strong>Cz\u0119\u015b\u0107 II<\/strong><\/em> \u2014 Modlitwa eucharystyczna z Przeistoczeniem czyli Dokonanie Ofiary.<br>Centraln\u0105 i najwa\u017cniejsz\u0105 cz\u0119\u015bci\u0105 Mszy \u015bw. jest modlitwa eucharystyczna, w czasie kt\u00f3rej kap\u0142an wzywa lud, aby zjednoczy\u0142 si\u0119 z Chrystusem w z\u0142o\u017ceniu Ofiary i dzi\u0119kczynieniu.<br>Podczas Ostatniej Wieczerzy, Pan Jezus powiedzia\u0142 nad chlebem: \u201eTo jest Cia\u0142o moje\u201d, a nad winem \u201eTo jest Krew moja\u201d. Tymi s\u0142owami przemieni\u0142 chleb i wino w Cia\u0142o i Krew swoj\u0105.<br>W czasie Mszy \u015bwi\u0119tej kap\u0142an w zast\u0119pstwie Pana Jezusa wypowiada te same s\u0142owa i przemienia chleb i wino w Cia\u0142o i Krew Pana Jezusa. Uobecnia si\u0119 ofiara krzy\u017cowa Chrystusa, kt\u00f3ry ofiaruje si\u0119 za nas i z nami.<br>W czasie Podniesienia wszyscy obecni w ko\u015b\u00acciele w milczeniu oddaj\u0105 ho\u0142d Panu Jezusowi. Razem z Chrystusem sk\u0142adamy Bogu Ojcu siebie w ofierze. Jest to chwila ofiarowania. W ten spos\u00f3b przez Chrystusa, z Chrystusem i w Chrystusie sk\u0142adamy Bogu Ojcu wszechmog\u0105cemu w jedno\u015bci Ducha \u015awi\u0119tego wszelk\u0105 cze\u015b\u0107 i chwa\u0142\u0119. Uobecnia si\u0119 ta sama ofiara, jak\u0105 Pan Jezus z\u0142o\u017cy\u0142 na krzy\u017cu w Wielki Pi\u0105tek.<\/p>\n<p style=\"text-align: justify;\"><strong><em>Cz\u0119\u015b\u0107 III<\/em><\/strong> \u2014 Komunia czyli Uczta Ofiarna.<br>W czasie Ostatniej Wieczerzy Pan Jezus, przemieniony chleb w Cia\u0142o swoje, a wino w Krew swoj\u0105, poda\u0142 Aposto\u0142om do spo\u017cycia. <br>W Komunii \u015bwi\u0119tej \u0142\u0105czymy si\u0119 w mi\u0142o\u015bci z Jezusem i naszymi bli\u017animi. Cia\u0142o Chrystusa, kt\u00f3re przyjmujemy, zobowi\u0105zuje nas do mi\u0142o\u015bci wszystkich ludzi w Jezusie Chrystusie. Na godne przyj\u0119cie Jezusa w Komunii \u015bwi\u0119tej trzeba przygotowa\u0107 dusz\u0119 i cia\u0142o. Dusza musi znajdowa\u0107 si\u0119 w stanie \u0142aski u\u015bwi\u0119caj\u0105cej, to znaczy, by\u0107 bez grzechu ci\u0119\u017ckiego. Je\u015bliby kto\u015b przyj\u0105\u0142 Komuni\u0119 \u015bwi\u0119t\u0105 ze \u015bwiadomo\u015bci\u0105 grzechu ci\u0119\u017ckiego, pope\u0142ni\u0142by grzech \u015bwi\u0119tokradztwa. Z grzechami lekkimi mo\u017cna przyst\u0105pi\u0107 do Komunii \u015bwi\u0119tej, ale nale\u017cy wzbudzi\u0107 \u017cal za te grzechy.<br>Je\u015bli kto\u015b nie mo\u017ce przyj\u0105\u0107 Komunii \u015bwi\u0119tej b\u0119d\u0105c na Mszy \u015bwi\u0119tej, powinien wzbudzi\u0107 \u017cal za grzechy i pragnienie przyj\u0119cia Pana Jezusa. Wtedy przyjmuje Komuni\u0119 \u015bwi\u0119t\u0105 w spos\u00f3b duchowy.<\/p>\n<p style=\"text-align: justify;\"><em>\u015awi\u0119ta Teresa od dzieci\u0105tka Jezus napisa\u0142a:<\/em><br>\u201eMsza \u015bw. jest najwznio\u015blejszym aktem UWIELBIENIA Boga, (\u2026) najzupe\u0142niejsz\u0105 ofiar\u0105 PRZEB\u0141AGANIA Boga za nasze grzechy, (\u2026) najskuteczniejsz\u0105 ofiar\u0105 PRO\u015aBY (\u2026) i ofiar\u0105 DZI\u0118KCZYNN\u0104\u201d.<br>Dlatego podczas Mszy \u015bw. starajmy si\u0119: wielbi\u0107, dzi\u0119kowa\u0107, przeprasza\u0107 i b\u0142aga\u0107 Boga. Uwielbia\u0107, a przy tym dostrzega\u0107 w\u0142asn\u0105 s\u0142abo\u015b\u0107 i zale\u017cno\u015b\u0107 od Boga; dzi\u0119kowa\u0107, ale konkretnie, za wszystkie \u0142aski otrzymane w ci\u0105gu tygodnia czy dnia; zado\u015b\u0107czyni\u0107 &#8211; szczeg\u00f3\u0142owo ofiarowa\u0107 Bogu dar jako wynagrodzenie za swoje grzechy i upadki; wreszcie prosi\u0107, ale przede wszystkim o dobra dla w\u0142asnej duszy.<\/p>\n<p style=\"text-align: justify;\"><strong>Elementy przygotowania si\u0119 do pe\u0142nego uczestnictwa we Mszy \u015bw.:<\/strong><br>&#8211; Zbadanie stanu swej duszy, aby by\u0142a w stanie \u0142aski u\u015bwi\u0119caj\u0105cej. <br>&#8211; Wyciszenie, wzbudzenie w\u0142asnych intencji. Papie\u017c Benedykt XVI w posynodalnej adhortacji \u201eSacramentum caritatis\u201d w\u015br\u00f3d \u201eosobistych warunk\u00f3w\u201d, kt\u00f3rych spe\u0142nienie sprzyja czynnemu i owocnemu uczestnictwu we Mszy \u015bw., wymienia m.in. skupienie i cisz\u0119 przynajmniej przez kilka chwil przed rozpocz\u0119ciem liturgii. Praktyka ta, polegaj\u0105ca na odci\u0119ciu si\u0119 od spraw doczesnych i zgie\u0142ku, ma nam pom\u00f3c w prze\u017cywaniu Mszy \u015bw. w pe\u0142nym skupieniu, bez rozprosze\u0144 niepotrzebnymi my\u015blami. Sprzyja temu odpowiednio wcze\u015bniejsze przyj\u015bcie do ko\u015bcio\u0142a, a nie wpadanie w ostatniej chwili przed rozpocz\u0119ciem liturgii. <br>&#8211; Przestrzeganie postu eucharystycznego, stanowi\u0105cego jeden z podstawowych punkt\u00f3w osobistego przygotowania do Mszy \u015bw. tych wiernych, kt\u00f3rzy zamierzaj\u0105 przyj\u0105\u0107 Eucharysti\u0119. Powinni oni powstrzyma\u0107 si\u0119 przez godzin\u0119 przed Komuni\u0105 \u015bw. od jakiegokolwiek pokarmu i napoju, z wyj\u0105tkiem wody i lekarstwa. <br>Kongregacja ds. Kultu Bo\u017cego i Dyscypliny Sakrament\u00f3w skr\u00f3ci\u0142a czas postu eucharystycznego do ok. 15 minut dla os\u00f3b w podesz\u0142ym wieku, chorych oraz tych, kt\u00f3rzy si\u0119 nimi opiekuj\u0105.<br>&#8211; Schludny, od\u015bwi\u0119tny str\u00f3j, w jakim wybieramy si\u0119 do ko\u015bcio\u0142a b\u0119d\u0105ce zewn\u0119trznym przejawem duchowego przygotowania do uczestnictwa we Mszy \u015bw. Wa\u017cne, by ta od\u015bwi\u0119tno\u015b\u0107 sz\u0142a w parze z godno\u015bci\u0105 stroju &#8211; nie zawsze ubi\u00f3r dobry na spotkanie towarzyskie b\u0119dzie ubiorem w\u0142a\u015bciwym na spotkanie z Bogiem. Nie mo\u017ce to by\u0107 str\u00f3j prowokacyjny. Ale tego nie trzeba przypomina\u0107 ludziom, kt\u00f3rzy przygotowuj\u0105 si\u0119 do Eucharystii w spos\u00f3b duchowy.<\/p>\n<h4>Pami\u0119taj, Msza trwa dalej po wyj\u015bciu z ko\u015bcio\u0142a.<\/h4>","protected":false},"excerpt":{"rendered":"<p>\u201eTo czy\u0144cie na moj\u0105 pami\u0105tk\u0119\u201d (\u0141k 22,19) 1 grudnia 2019r rozpocz\u0105\u0142 si\u0119 rok duszpasterski, kt\u00f3ry Episkopat Polski zatytu\u0142owa\u0142 \u201eWielka tajemnica wiary\u201d. Jest to pierwszy rok trzyletniego programu duszpasterskiego prze\u017cywanego pod [&hellip;]<\/p>\n","protected":false},"author":1,"featured_media":0,"parent":211,"menu_order":3,"comment_status":"closed","ping_status":"closed","template":"","meta":{"ngg_post_thumbnail":0,"footnotes":""},"yoast_head":"<!-- This site is optimized with the Yoast SEO plugin v23.2 - https:\/\/yoast.com\/wordpress\/plugins\/seo\/ -->\n<title>Msza \u015awi\u0119ta - Parafia w Klimk\u00f3wce<\/title>\n<meta name=\"robots\" content=\"index, follow, max-snippet:-1, max-image-preview:large, max-video-preview:-1\" \/>\n<link rel=\"canonical\" href=\"https:\/\/parafiaklimkowka.pl\/index.php\/kancelaria\/msza-swieta\/\" \/>\n<meta property=\"og:locale\" content=\"pl_PL\" \/>\n<meta property=\"og:type\" content=\"article\" \/>\n<meta property=\"og:title\" content=\"Msza \u015awi\u0119ta - Parafia w Klimk\u00f3wce\" \/>\n<meta property=\"og:description\" content=\"\u201eTo czy\u0144cie na moj\u0105 pami\u0105tk\u0119\u201d (\u0141k 22,19) 1 grudnia 2019r rozpocz\u0105\u0142 si\u0119 rok duszpasterski, kt\u00f3ry Episkopat Polski zatytu\u0142owa\u0142 \u201eWielka tajemnica wiary\u201d. Jest to pierwszy rok trzyletniego programu duszpasterskiego prze\u017cywanego pod [&hellip;]\" \/>\n<meta property=\"og:url\" content=\"https:\/\/parafiaklimkowka.pl\/index.php\/kancelaria\/msza-swieta\/\" \/>\n<meta property=\"og:site_name\" content=\"Parafia w Klimk\u00f3wce\" \/>\n<meta property=\"article:modified_time\" content=\"2020-02-01T18:12:47+00:00\" \/>\n<meta property=\"og:image\" content=\"http:\/\/parafiaklimkowka.pl\/wp-content\/uploads\/2020\/02\/msza1.jpg\" \/>\n<meta name=\"twitter:card\" content=\"summary_large_image\" \/>\n<meta name=\"twitter:label1\" content=\"Szacowany czas czytania\" \/>\n\t<meta name=\"twitter:data1\" content=\"6 minut\" \/>\n<script type=\"application\/ld+json\" class=\"yoast-schema-graph\">{\"@context\":\"https:\/\/schema.org\",\"@graph\":[{\"@type\":\"WebPage\",\"@id\":\"https:\/\/parafiaklimkowka.pl\/index.php\/kancelaria\/msza-swieta\/\",\"url\":\"https:\/\/parafiaklimkowka.pl\/index.php\/kancelaria\/msza-swieta\/\",\"name\":\"Msza \u015awi\u0119ta - Parafia w Klimk\u00f3wce\",\"isPartOf\":{\"@id\":\"https:\/\/parafiaklimkowka.pl\/#website\"},\"primaryImageOfPage\":{\"@id\":\"https:\/\/parafiaklimkowka.pl\/index.php\/kancelaria\/msza-swieta\/#primaryimage\"},\"image\":{\"@id\":\"https:\/\/parafiaklimkowka.pl\/index.php\/kancelaria\/msza-swieta\/#primaryimage\"},\"thumbnailUrl\":\"http:\/\/parafiaklimkowka.pl\/wp-content\/uploads\/2020\/02\/msza1.jpg\",\"datePublished\":\"2019-10-07T17:44:07+00:00\",\"dateModified\":\"2020-02-01T18:12:47+00:00\",\"breadcrumb\":{\"@id\":\"https:\/\/parafiaklimkowka.pl\/index.php\/kancelaria\/msza-swieta\/#breadcrumb\"},\"inLanguage\":\"pl-PL\",\"potentialAction\":[{\"@type\":\"ReadAction\",\"target\":[\"https:\/\/parafiaklimkowka.pl\/index.php\/kancelaria\/msza-swieta\/\"]}]},{\"@type\":\"ImageObject\",\"inLanguage\":\"pl-PL\",\"@id\":\"https:\/\/parafiaklimkowka.pl\/index.php\/kancelaria\/msza-swieta\/#primaryimage\",\"url\":\"http:\/\/parafiaklimkowka.pl\/wp-content\/uploads\/2020\/02\/msza1.jpg\",\"contentUrl\":\"http:\/\/parafiaklimkowka.pl\/wp-content\/uploads\/2020\/02\/msza1.jpg\"},{\"@type\":\"BreadcrumbList\",\"@id\":\"https:\/\/parafiaklimkowka.pl\/index.php\/kancelaria\/msza-swieta\/#breadcrumb\",\"itemListElement\":[{\"@type\":\"ListItem\",\"position\":1,\"name\":\"Strona g\u0142\u00f3wna\",\"item\":\"https:\/\/parafiaklimkowka.pl\/\"},{\"@type\":\"ListItem\",\"position\":2,\"name\":\"Kancelaria\",\"item\":\"https:\/\/parafiaklimkowka.pl\/index.php\/kancelaria\/\"},{\"@type\":\"ListItem\",\"position\":3,\"name\":\"Msza \u015awi\u0119ta\"}]},{\"@type\":\"WebSite\",\"@id\":\"https:\/\/parafiaklimkowka.pl\/#website\",\"url\":\"https:\/\/parafiaklimkowka.pl\/\",\"name\":\"Parafia w Klimk\u00f3wce\",\"description\":\"pw. \u015aw. Micha\u0142a Archanio\u0142a\",\"publisher\":{\"@id\":\"https:\/\/parafiaklimkowka.pl\/#organization\"},\"potentialAction\":[{\"@type\":\"SearchAction\",\"target\":{\"@type\":\"EntryPoint\",\"urlTemplate\":\"https:\/\/parafiaklimkowka.pl\/?s={search_term_string}\"},\"query-input\":\"required name=search_term_string\"}],\"inLanguage\":\"pl-PL\"},{\"@type\":\"Organization\",\"@id\":\"https:\/\/parafiaklimkowka.pl\/#organization\",\"name\":\"Parafia p.w. \u015bw. Micha\u0142a Archanio\u0142a w Klimk\u00f3wce\",\"url\":\"https:\/\/parafiaklimkowka.pl\/\",\"logo\":{\"@type\":\"ImageObject\",\"inLanguage\":\"pl-PL\",\"@id\":\"https:\/\/parafiaklimkowka.pl\/#\/schema\/logo\/image\/\",\"url\":\"http:\/\/parafiaklimkowka.pl\/wp-content\/uploads\/2019\/10\/anio\u01428_jpeg.jpg\",\"contentUrl\":\"http:\/\/parafiaklimkowka.pl\/wp-content\/uploads\/2019\/10\/anio\u01428_jpeg.jpg\",\"width\":658,\"height\":483,\"caption\":\"Parafia p.w. \u015bw. Micha\u0142a Archanio\u0142a w Klimk\u00f3wce\"},\"image\":{\"@id\":\"https:\/\/parafiaklimkowka.pl\/#\/schema\/logo\/image\/\"}}]}<\/script>\n<!-- \/ Yoast SEO plugin. -->","yoast_head_json":{"title":"Msza \u015awi\u0119ta - Parafia w Klimk\u00f3wce","robots":{"index":"index","follow":"follow","max-snippet":"max-snippet:-1","max-image-preview":"max-image-preview:large","max-video-preview":"max-video-preview:-1"},"canonical":"https:\/\/parafiaklimkowka.pl\/index.php\/kancelaria\/msza-swieta\/","og_locale":"pl_PL","og_type":"article","og_title":"Msza \u015awi\u0119ta - Parafia w Klimk\u00f3wce","og_description":"\u201eTo czy\u0144cie na moj\u0105 pami\u0105tk\u0119\u201d (\u0141k 22,19) 1 grudnia 2019r rozpocz\u0105\u0142 si\u0119 rok duszpasterski, kt\u00f3ry Episkopat Polski zatytu\u0142owa\u0142 \u201eWielka tajemnica wiary\u201d. Jest to pierwszy rok trzyletniego programu duszpasterskiego prze\u017cywanego pod [&hellip;]","og_url":"https:\/\/parafiaklimkowka.pl\/index.php\/kancelaria\/msza-swieta\/","og_site_name":"Parafia w Klimk\u00f3wce","article_modified_time":"2020-02-01T18:12:47+00:00","og_image":[{"url":"http:\/\/parafiaklimkowka.pl\/wp-content\/uploads\/2020\/02\/msza1.jpg"}],"twitter_card":"summary_large_image","twitter_misc":{"Szacowany czas czytania":"6 minut"},"schema":{"@context":"https:\/\/schema.org","@graph":[{"@type":"WebPage","@id":"https:\/\/parafiaklimkowka.pl\/index.php\/kancelaria\/msza-swieta\/","url":"https:\/\/parafiaklimkowka.pl\/index.php\/kancelaria\/msza-swieta\/","name":"Msza \u015awi\u0119ta - Parafia w Klimk\u00f3wce","isPartOf":{"@id":"https:\/\/parafiaklimkowka.pl\/#website"},"primaryImageOfPage":{"@id":"https:\/\/parafiaklimkowka.pl\/index.php\/kancelaria\/msza-swieta\/#primaryimage"},"image":{"@id":"https:\/\/parafiaklimkowka.pl\/index.php\/kancelaria\/msza-swieta\/#primaryimage"},"thumbnailUrl":"http:\/\/parafiaklimkowka.pl\/wp-content\/uploads\/2020\/02\/msza1.jpg","datePublished":"2019-10-07T17:44:07+00:00","dateModified":"2020-02-01T18:12:47+00:00","breadcrumb":{"@id":"https:\/\/parafiaklimkowka.pl\/index.php\/kancelaria\/msza-swieta\/#breadcrumb"},"inLanguage":"pl-PL","potentialAction":[{"@type":"ReadAction","target":["https:\/\/parafiaklimkowka.pl\/index.php\/kancelaria\/msza-swieta\/"]}]},{"@type":"ImageObject","inLanguage":"pl-PL","@id":"https:\/\/parafiaklimkowka.pl\/index.php\/kancelaria\/msza-swieta\/#primaryimage","url":"http:\/\/parafiaklimkowka.pl\/wp-content\/uploads\/2020\/02\/msza1.jpg","contentUrl":"http:\/\/parafiaklimkowka.pl\/wp-content\/uploads\/2020\/02\/msza1.jpg"},{"@type":"BreadcrumbList","@id":"https:\/\/parafiaklimkowka.pl\/index.php\/kancelaria\/msza-swieta\/#breadcrumb","itemListElement":[{"@type":"ListItem","position":1,"name":"Strona g\u0142\u00f3wna","item":"https:\/\/parafiaklimkowka.pl\/"},{"@type":"ListItem","position":2,"name":"Kancelaria","item":"https:\/\/parafiaklimkowka.pl\/index.php\/kancelaria\/"},{"@type":"ListItem","position":3,"name":"Msza \u015awi\u0119ta"}]},{"@type":"WebSite","@id":"https:\/\/parafiaklimkowka.pl\/#website","url":"https:\/\/parafiaklimkowka.pl\/","name":"Parafia w Klimk\u00f3wce","description":"pw. \u015aw. Micha\u0142a Archanio\u0142a","publisher":{"@id":"https:\/\/parafiaklimkowka.pl\/#organization"},"potentialAction":[{"@type":"SearchAction","target":{"@type":"EntryPoint","urlTemplate":"https:\/\/parafiaklimkowka.pl\/?s={search_term_string}"},"query-input":"required name=search_term_string"}],"inLanguage":"pl-PL"},{"@type":"Organization","@id":"https:\/\/parafiaklimkowka.pl\/#organization","name":"Parafia p.w. \u015bw. Micha\u0142a Archanio\u0142a w Klimk\u00f3wce","url":"https:\/\/parafiaklimkowka.pl\/","logo":{"@type":"ImageObject","inLanguage":"pl-PL","@id":"https:\/\/parafiaklimkowka.pl\/#\/schema\/logo\/image\/","url":"http:\/\/parafiaklimkowka.pl\/wp-content\/uploads\/2019\/10\/anio\u01428_jpeg.jpg","contentUrl":"http:\/\/parafiaklimkowka.pl\/wp-content\/uploads\/2019\/10\/anio\u01428_jpeg.jpg","width":658,"height":483,"caption":"Parafia p.w. \u015bw. Micha\u0142a Archanio\u0142a w Klimk\u00f3wce"},"image":{"@id":"https:\/\/parafiaklimkowka.pl\/#\/schema\/logo\/image\/"}}]}},"_links":{"self":[{"href":"https:\/\/parafiaklimkowka.pl\/index.php\/wp-json\/wp\/v2\/pages\/313"}],"collection":[{"href":"https:\/\/parafiaklimkowka.pl\/index.php\/wp-json\/wp\/v2\/pages"}],"about":[{"href":"https:\/\/parafiaklimkowka.pl\/index.php\/wp-json\/wp\/v2\/types\/page"}],"author":[{"embeddable":true,"href":"https:\/\/parafiaklimkowka.pl\/index.php\/wp-json\/wp\/v2\/users\/1"}],"replies":[{"embeddable":true,"href":"https:\/\/parafiaklimkowka.pl\/index.php\/wp-json\/wp\/v2\/comments?post=313"}],"version-history":[{"count":10,"href":"https:\/\/parafiaklimkowka.pl\/index.php\/wp-json\/wp\/v2\/pages\/313\/revisions"}],"predecessor-version":[{"id":1854,"href":"https:\/\/parafiaklimkowka.pl\/index.php\/wp-json\/wp\/v2\/pages\/313\/revisions\/1854"}],"up":[{"embeddable":true,"href":"https:\/\/parafiaklimkowka.pl\/index.php\/wp-json\/wp\/v2\/pages\/211"}],"wp:attachment":[{"href":"https:\/\/parafiaklimkowka.pl\/index.php\/wp-json\/wp\/v2\/media?parent=313"}],"curies":[{"name":"wp","href":"https:\/\/api.w.org\/{rel}","templated":true}]}}