{"id":336,"date":"2019-10-07T20:02:17","date_gmt":"2019-10-07T18:02:17","guid":{"rendered":"http:\/\/parafiaklimkowka.pl\/?page_id=336"},"modified":"2021-04-25T11:29:09","modified_gmt":"2021-04-25T09:29:09","slug":"kosciol-pw-sw-michala-archaniola","status":"publish","type":"page","link":"https:\/\/parafiaklimkowka.pl\/index.php\/parafia\/kosciol-pw-sw-michala-archaniola\/","title":{"rendered":"Ko\u015bci\u00f3\u0142 pw. \u015aw. Micha\u0142a Archanio\u0142a"},"content":{"rendered":"<p style=\"text-align: justify;\">Z akt\u00f3w biskupstwa przemyskiego dowiadujemy si\u0119, \u017ce pierwszy ko\u015bci\u00f3\u0142 w Klimk\u00f3wce zosta\u0142 konsekrowany przez biskupa przemyskiego Miko\u0142aja &nbsp;B\u0142a\u017cejowskiego w 1453r. W II po\u0142owie XVI wieku \u00f3wczesny w\u0142a\u015bciciel Klimk\u00f3wki Zbigniew Sienie\u0144ski \u2013 kasztelan sanocki, po przej\u015bciu na kalwinizm, przeznaczy\u0142 ko\u015bci\u00f3\u0142 na zb\u00f3r. Akta biskupstwa z roku 1567 notuj\u0105 \u201e<em>beneficjum od d\u0142u\u017cszego czasu wakuje, poniewa\u017c jest zaj\u0119te przez heretyk\u00f3w<\/em>\u201d. Ko\u015bci\u00f3\u0142 przesta\u0142 istnie\u0107 pod koniec XVI w.<\/p>\n<p style=\"text-align: justify;\">Kolejny, tak\u017ce drewniany ko\u015bci\u00f3\u0142 wzniesiono na prze\u0142omie XVI i XVIIw., z fundacji \u00f3wczesnego w\u0142a\u015bciciela Klimk\u00f3wki Wojciecha Boboli, podkomorzego przemyskiego, kt\u00f3ry to r\u00f3wnie\u017c wyposa\u017cy\u0142 ko\u015bci\u00f3\u0142. By\u0142 to skromny drewniany ko\u015bci\u00f3\u0142ek pod wezwaniem \u015bw. Micha\u0142a Archanio\u0142a. Opis z wizytacji biskupa Sierakowskiego, kt\u00f3ra mia\u0142a miejsce 13 czerwca 1745r, podaje nam, \u017ce wygl\u0105da\u0142 on nast\u0119puj\u0105co: \u201e<em>na zewn\u0105trz obity by\u0142 gontami, wewn\u0105trz malowany na granatowo. Nad du\u017cymi drzwiami znajdowa\u0142 si\u0119 drewniany, pomalowany ch\u00f3r. By\u0142 on pokryty i podparty s\u0142upami. Wchodzi\u0142o si\u0119 do niego drewnianymi schodami. Na nim by\u0142 pozytew szkatulny pi\u0119ciog\u0142osowy i pozytew o g\u0142osach sze\u015bciu z b\u0119bnem, miechami dwiema. Ko\u015bci\u00f3\u0142 posiada\u0142 sze\u015b\u0107 okien, w tym trzy z kratami \u017celaznymi, reszta w o\u0142\u00f3w oprawne. Sufit by\u0142 z desek zbudowany i malowany. Posadzka w ko\u015bciele by\u0142a kamienna. W ko\u015bciele by\u0142o troje drzwi: boczne i g\u0142\u00f3wne od zachodu, wykonane z drzewa lipowego zaopatrzone w dwa i trzy zawiasy. Pierwsze g\u0142\u00f3wne drzwi by\u0142y \u017celazem obite. Przy drzwiach g\u0142\u00f3wnych sta\u0142 s\u0142up z kun\u0105 \u017celazn\u0105. Niedaleko progu by\u0142a kropielnica z kamienia. Przed ko\u015bcio\u0142em od strony p\u00f3\u0142nocnej znajdowa\u0142a si\u0119 dzwonnica z drewna obita od wewn\u0105trz tarcicami, a od zewn\u0105trz gontami. Pod\u0142oga by\u0142a drewniana. Na dzwonnicy wisia\u0142y trzy dzwony: ma\u0142y, \u015bredni i wi\u0119kszy. Wyposa\u017cenie ko\u015bcio\u0142a by\u0142o bogate\u201d. <\/em>Z tej to \u015bwi\u0105tyni do dzisiaj zachowa\u0142o si\u0119 pochodz\u0105ce w wi\u0119kszo\u015bci z XVIII w. wyposa\u017cenie ruchome.<\/p>\n<p style=\"text-align: justify;\">Wok\u00f3\u0142 ko\u015bcio\u0142a w kierunku p\u00f3\u0142nocnym znajdowa\u0142 si\u0119 cmentarz otoczony p\u0142otem z drewna i gontami obity, wok\u00f3\u0142 kt\u00f3rego ros\u0142y drzewa. Wej\u015bcia na cmentarz od strony po\u0142udniowej i p\u00f3\u0142nocnej by\u0142y zamkni\u0119te. 11 grudnia 1783r., J\u00f3zef II wyda\u0142 dekret cesarski Kancelarii Nadwornej nakazuj\u0105cy zamkni\u0119cie w ca\u0142ym pa\u0144stwie wszystkich cmentarzy przyko\u015bcielnych i wyznaniowych i polecaj\u0105cy&nbsp;wydzielenie specjalnych obszar\u00f3w, na kt\u00f3rych mia\u0142y by\u0107 lokalizowane nowe cmentarze. 21 stycznia 1784r. Gubernium Galicyjskie opublikowa\u0142o dekret, a 9 wrze\u015bnia 1784r. wesz\u0142o w \u017cycie rozporz\u0105dzenie m\u00f3wi\u0105ce o karach za nieprzestrzeganie prawa. Mo\u017cna wi\u0119c przypuszcza\u0107, \u017ce przyko\u015bcielny cmentarz istnia\u0142 do tego czasu.<\/p>\n<p style=\"text-align: justify;\">W 1854r. ko\u015bci\u00f3\u0142 rozebrano, a na jego miejsce wzniesiono obecny, za staraniem \u00f3wczesnego proboszcza ks. Piotra Burdy. Budowniczym \u015bwi\u0105tyni by\u0142 miejscowy majster Florian Wais. Kolatorem ko\u015bcio\u0142a by\u0142 \u00f3wczesny w\u0142a\u015bciciel Klimk\u00f3wki, J\u00f3zef Ostaszewski. Jego konsekracja mia\u0142a miejsce dopiero 5 czerwca 1869r. i dokona\u0142 jej Biskup przemyski Antoni J\u00f3zef Monastyrski.<\/p>\n<p style=\"text-align: justify;\">Ko\u015bci\u00f3\u0142 drewniany na podmur\u00f3wce z dzikiego kamienia. \u015aciany w konstrukcji zr\u0119bowej, szalowane gontami. Od wschodu do ko\u015bcio\u0142a przylega murowana zakrystia wybudowana w 1876r., a od p\u00f3\u0142nocy wie\u017ca konstrukcji s\u0142upowej, w dolnej cz\u0119\u015bci szalowana deskami. Jednonawowy, prezbiterium na rzucie prostok\u0105ta od po\u0142udnia zamkni\u0119te tr\u00f3jbocznie.<\/p>\n<p style=\"text-align: justify;\">Podczas restauracji ko\u015bcio\u0142a w 1898r. wymieniono pokrycie dachu i wie\u017cy z gontu na blach\u0119. W 1906r. rozbudowano przyziemie wie\u017cy tworz\u0105c krucht\u0119 z przedsionkami po bokach oraz dobudowano krucht\u0119 do zachodniej \u015bciany prezbiterium.&nbsp;<\/p>\n<p style=\"text-align: justify;\">Polichromi\u0119 w ko\u015bciele wykona\u0142 w 1906r. lwowski artysta malarz Tadeusza Popiel, ucze\u0144 Jana Matejki, wykonawca m.in. dekoracji kaplicy \u015bw. Stanis\u0142awa w bazylice \u015aw. Antoniego w Padwie, teatru we Lwowie. Stanowi ona bardzo dobry przyk\u0142ad sztuki z okresu Secesji i jest jedynym przyk\u0142adem dekoracji secesyjnej, tej klasy, na naszym terenie w drewnianym ko\u015bciele. Sceny otoczone s\u0105 bardzo bogatym, stylizowanym ornamentem ro\u015blinno \u2013 geometrycznym w bardzo \u017cywych nasyconych kolorach. Odpowiednie zgranie farb i wzor\u00f3w o motywach kwiat\u00f3w wiejskich dzia\u0142a koj\u0105co i nastraja do modlitwy.<\/p>\n<p style=\"text-align: justify;\">Wyposa\u017cenie ko\u015bcio\u0142a o charakterze barokowym, zosta\u0142o ufundowane przez rodzin\u0119 Wojciecha Boboli i jak wspomniano wcze\u015bniej, pochodzi z poprzedniego ko\u015bcio\u0142a.<\/p>\n<p style=\"text-align: justify;\">O\u0142tarz g\u0142\u00f3wny datowany jest przez autor\u00f3w Katalogu Zabytk\u00f3w Sztuki w Polsce na ok. 1700r., odnawiany a latach 1876, 1926 i 2010-2011.&nbsp; Nastawa o\u0142tarza sk\u0142ada si\u0119 z komponent\u00f3w powsta\u0142ych w r\u00f3\u017cnym okresie i inspirowanych r\u00f3\u017cnymi modami artystycznymi, mimo tego odznacza si\u0119 harmonijn\u0105 kompozycj\u0105 i&nbsp; prezentuje si\u0119 jako dzie\u0142o o jednolitej wymowie artystycznej. W o\u0142tarzu znajduje si\u0119 obraz Matki Bo\u017cej Niepokalanie Pocz\u0119tej malowany farb\u0105 olejn\u0105 na p\u0142\u00f3tnie i naklejony na deski zaplecka niszy o\u0142tarza. Bezpo\u015brednio na deskach napis: A.D.1770\/79?\/ Memento R. Jacobini Wo\u0142cza\u0144ski (\u00f3wczesny proboszcz Klimk\u00f3wki). Na zasuwie w o\u0142tarzu mie\u015bci si\u0119 drugi obraz \u015aw. J\u00f3zefa z Dzieci\u0105tkiem Jezus. Po bokach o\u0142tarza dwie drewniane figury: z prawej strony \u015bw. Pawe\u0142 z mieczem, z lewej \u015bw. Piotr z kluczami do nieba. Na odwrociu konsoli b\u0119d\u0105cej podstaw\u0105 figury \u015bw. Piotra, widnieje napis: Te figury sprawi\u0142 L.\/Z?\/ Fajkiel 1886. Z kolei na odwrocie rze\u017aby \u015bw. Paw\u0142a widnieje, na przyklejonej kartce, napis: \u201eW czasie wojny 1944 roku zosta\u0142y zniszczone przez pociski artyleryjskie i zosta\u0142y odnowione 15.I.19363 roku\u201d i piecz\u0105tka \u201eZbigniew Sie\u0144czak\u201d. Zwie\u0144czenie o\u0142tarza stanowi obraz patrona parafii \u015bw. Micha\u0142a Archanio\u0142a. Po jego bokach znajduj\u0105 si\u0119 dwa okr\u0105g\u0142e obrazy przedstawiaj\u0105ce \u015bw. Wawrzy\u0144ca (lewa strona) i \u015bw. Jana Bo\u017cego za\u0142o\u017cyciela zakonu bonifrat\u00f3w (prawa strona).<\/p>\n<p style=\"text-align: justify;\">O\u0142tarz boczny (lewa strona) w \u015brodkowej cz\u0119\u015bci mie\u015bci obraz olejny namalowany w 1859r. przez ks. Jana Zwoli\u0144skiego, przedstawiaj\u0105cy Matk\u0119 Bosk\u0105 R\u00f3\u017ca\u0144cow\u0105 w koronie na g\u0142owie, siedz\u0105c\u0105 na tronie z Dzieci\u0105tkiem na kolanach, otoczon\u0105 anio\u0142ami wy\u0142aniaj\u0105cymi si\u0119 zza chmur. Matka Boska adorowana jest przez dwie postacie w strojach zakonnych: po lewej stronie jest to \u015bw. Dominik, a po prawej \u015bw. Katarzyna z Sieny. Ma\u0142y Jezus trzyma d\u0142ugi r\u00f3\u017caniec, kt\u00f3rego krzy\u017cyk obejmuje d\u0142o\u0144mi \u015bw. Dominik. U jego st\u00f3p znajduje si\u0119 ma\u0142y bia\u0142o-czarny piesek trzymaj\u0105cy rozpalon\u0105 pochodni\u0119, kt\u00f3r\u0105 przyk\u0142ada do symbolicznie ukazanej kuli ziemskiej. Jest to obraz zasuwkowy zas\u0142aniaj\u0105cy rze\u017ab\u0119 Matki Boskiej. W zwie\u0144czeniu o\u0142tarza znajduje si\u0119 niewielki okr\u0105g\u0142y obraz olejny, przedstawiajacy \u015bwi\u0119tego m\u0119czennika, zakonnika, kt\u00f3ry w prawej d\u0142oni trzyma li\u015b\u0107 palmy \u2013 symbol m\u0119cze\u0144stwa. Przyjmuje si\u0119, \u017ce jest to \u015bw. Andrzej Bobola.<\/p>\n<p style=\"text-align: justify;\">O\u0142tarz boczny (prawa strona) w \u015brodkowej cz\u0119\u015bci zawiera obraz Naj\u015bwi\u0119tszego Serca Pana Jezusa. W tym o\u0142tarzu r\u00f3wnie\u017c znajduje si\u0119 obraz zasuwkowy, przedstawiaj\u0105cy \u015bw. Teres\u0119 ubran\u0105 w karmelita\u0144ski habit z przystrojonym czerwonymi r\u00f3\u017cami krucyfiksem w lewej d\u0142oni. W g\u00f3rnej cz\u0119\u015bci o\u0142tarza mie\u015bci si\u0119 okr\u0105g\u0142y obraz przedstawiaj\u0105cy \u015bw. Stanis\u0142awa Kostk\u0119.<\/p>\n<p style=\"text-align: justify;\">Z poprzedniego ko\u015bcio\u0142a pochodz\u0105 r\u00f3wnie\u017c p\u00f3\u017anobarokowa chrzcielnica, rokokowa ambona (druga po\u0142owa XVIII w.), prospekt organowy (po\u0142owa XVIII w.).<\/p>\n<p style=\"text-align: justify;\">Najstarszym i najcenniejszym elementem ko\u015bcio\u0142a jest obraz Matki Boskiej Apokaliptycznej z 1529r., malowany na desce temper\u0105. Jest on pozosta\u0142o\u015bci\u0105 \u015brodkowej cz\u0119\u015bci (nastawa o\u0142tarzowa) p\u00f3\u017anogotyckiego tryptyku i stanowi najcenniejszy zabytek p\u00f3\u017anogotyckiego malarstwa tablicowego na Podkarpaciu.<\/p>\n<p style=\"text-align: justify;\">Obecne dzwony ko\u015bcielne, konsekrowane 16 grudnia 2020r., nosz\u0105 imiona: \u201eTotus Tuus\u201d, \u201e\u015awi\u0119ty Micha\u0142 Archanio\u0142\u201d i \u201e\u015awi\u0119ta Bo\u017ca Rodzicielka\u201d, s\u0105 ju\u017c kolejnymi dzwonami. Pierwsze by\u0142y zarekwirowane przez wojsko w czasie I wojny \u015bwiatowej. Kolejne trzy sprawione w 1921r. zosta\u0142y ponownie zabrane przez wojsko niemieckie w czasie II wojny \u015bwiatowej, w dniu 9 wrze\u015bnia 1941r. Na ich miejsce zakupiono dwa dzwony z opuszczonej cerkwi, kt\u00f3re w 2000 roku, po sprawieniu trzech nowych, zosta\u0142y przekazane do innej parafii.<\/p>\n<p style=\"text-align: justify;\">Ko\u015bci\u00f3\u0142 p.w. \u015aw. Micha\u0142a Archanio\u0142a w Klimk\u00f3wce stanowi wyraz wiary mieszka\u0144c\u00f3w, \u015bwiadectwo historii miejscowego ko\u015bcio\u0142a i spo\u0142eczno\u015bci z nim zwi\u0105zanej, jak r\u00f3wnie\u017c pokazuje zjawiska artystyczne zmieniaj\u0105ce si\u0119 na przestrzeni kilku stuleci.<\/p>\n<h1><a href=\"https:\/\/parafiaklimkowka.pl\/index.php\/galeria\/kosciol\/nggallery\/kosciol-pw-sw-michala-archaniola\/kosciol-pw-sw-michala-archaniola\"><strong><span style=\"color: #ff6600;\">Galeria<\/span><\/strong><\/a><\/h1>\n","protected":false},"excerpt":{"rendered":"<p>Z akt\u00f3w biskupstwa przemyskiego dowiadujemy si\u0119, \u017ce pierwszy ko\u015bci\u00f3\u0142 w Klimk\u00f3wce zosta\u0142 konsekrowany przez biskupa przemyskiego Miko\u0142aja &nbsp;B\u0142a\u017cejowskiego w 1453r. W II po\u0142owie XVI wieku \u00f3wczesny w\u0142a\u015bciciel Klimk\u00f3wki Zbigniew Sienie\u0144ski [&hellip;]<\/p>\n","protected":false},"author":1,"featured_media":3120,"parent":114,"menu_order":5,"comment_status":"closed","ping_status":"closed","template":"","meta":{"ngg_post_thumbnail":0,"footnotes":""},"yoast_head":"<!-- This site is optimized with the Yoast SEO plugin v23.2 - https:\/\/yoast.com\/wordpress\/plugins\/seo\/ -->\n<title>Ko\u015bci\u00f3\u0142 pw. \u015aw. Micha\u0142a Archanio\u0142a - Parafia w Klimk\u00f3wce<\/title>\n<meta name=\"robots\" content=\"index, follow, max-snippet:-1, max-image-preview:large, max-video-preview:-1\" \/>\n<link rel=\"canonical\" href=\"https:\/\/parafiaklimkowka.pl\/index.php\/parafia\/kosciol-pw-sw-michala-archaniola\/\" \/>\n<meta property=\"og:locale\" content=\"pl_PL\" \/>\n<meta property=\"og:type\" content=\"article\" \/>\n<meta property=\"og:title\" content=\"Ko\u015bci\u00f3\u0142 pw. \u015aw. Micha\u0142a Archanio\u0142a - Parafia w Klimk\u00f3wce\" \/>\n<meta property=\"og:description\" content=\"Z akt\u00f3w biskupstwa przemyskiego dowiadujemy si\u0119, \u017ce pierwszy ko\u015bci\u00f3\u0142 w Klimk\u00f3wce zosta\u0142 konsekrowany przez biskupa przemyskiego Miko\u0142aja &nbsp;B\u0142a\u017cejowskiego w 1453r. W II po\u0142owie XVI wieku \u00f3wczesny w\u0142a\u015bciciel Klimk\u00f3wki Zbigniew Sienie\u0144ski [&hellip;]\" \/>\n<meta property=\"og:url\" content=\"https:\/\/parafiaklimkowka.pl\/index.php\/parafia\/kosciol-pw-sw-michala-archaniola\/\" \/>\n<meta property=\"og:site_name\" content=\"Parafia w Klimk\u00f3wce\" \/>\n<meta property=\"article:modified_time\" content=\"2021-04-25T09:29:09+00:00\" \/>\n<meta property=\"og:image\" content=\"https:\/\/parafiaklimkowka.pl\/wp-content\/uploads\/2020\/08\/Kosciol_5-1024x326.jpg\" \/>\n\t<meta property=\"og:image:width\" content=\"1024\" \/>\n\t<meta property=\"og:image:height\" content=\"326\" \/>\n\t<meta property=\"og:image:type\" content=\"image\/jpeg\" \/>\n<meta name=\"twitter:card\" content=\"summary_large_image\" \/>\n<meta name=\"twitter:label1\" content=\"Szacowany czas czytania\" \/>\n\t<meta name=\"twitter:data1\" content=\"5 minut\" \/>\n<script type=\"application\/ld+json\" class=\"yoast-schema-graph\">{\"@context\":\"https:\/\/schema.org\",\"@graph\":[{\"@type\":\"WebPage\",\"@id\":\"https:\/\/parafiaklimkowka.pl\/index.php\/parafia\/kosciol-pw-sw-michala-archaniola\/\",\"url\":\"https:\/\/parafiaklimkowka.pl\/index.php\/parafia\/kosciol-pw-sw-michala-archaniola\/\",\"name\":\"Ko\u015bci\u00f3\u0142 pw. \u015aw. Micha\u0142a Archanio\u0142a - Parafia w Klimk\u00f3wce\",\"isPartOf\":{\"@id\":\"https:\/\/parafiaklimkowka.pl\/#website\"},\"primaryImageOfPage\":{\"@id\":\"https:\/\/parafiaklimkowka.pl\/index.php\/parafia\/kosciol-pw-sw-michala-archaniola\/#primaryimage\"},\"image\":{\"@id\":\"https:\/\/parafiaklimkowka.pl\/index.php\/parafia\/kosciol-pw-sw-michala-archaniola\/#primaryimage\"},\"thumbnailUrl\":\"https:\/\/parafiaklimkowka.pl\/wp-content\/uploads\/2020\/08\/Kosciol_5.jpg\",\"datePublished\":\"2019-10-07T18:02:17+00:00\",\"dateModified\":\"2021-04-25T09:29:09+00:00\",\"breadcrumb\":{\"@id\":\"https:\/\/parafiaklimkowka.pl\/index.php\/parafia\/kosciol-pw-sw-michala-archaniola\/#breadcrumb\"},\"inLanguage\":\"pl-PL\",\"potentialAction\":[{\"@type\":\"ReadAction\",\"target\":[\"https:\/\/parafiaklimkowka.pl\/index.php\/parafia\/kosciol-pw-sw-michala-archaniola\/\"]}]},{\"@type\":\"ImageObject\",\"inLanguage\":\"pl-PL\",\"@id\":\"https:\/\/parafiaklimkowka.pl\/index.php\/parafia\/kosciol-pw-sw-michala-archaniola\/#primaryimage\",\"url\":\"https:\/\/parafiaklimkowka.pl\/wp-content\/uploads\/2020\/08\/Kosciol_5.jpg\",\"contentUrl\":\"https:\/\/parafiaklimkowka.pl\/wp-content\/uploads\/2020\/08\/Kosciol_5.jpg\",\"width\":2500,\"height\":796},{\"@type\":\"BreadcrumbList\",\"@id\":\"https:\/\/parafiaklimkowka.pl\/index.php\/parafia\/kosciol-pw-sw-michala-archaniola\/#breadcrumb\",\"itemListElement\":[{\"@type\":\"ListItem\",\"position\":1,\"name\":\"Strona g\u0142\u00f3wna\",\"item\":\"https:\/\/parafiaklimkowka.pl\/\"},{\"@type\":\"ListItem\",\"position\":2,\"name\":\"Parafia\",\"item\":\"https:\/\/parafiaklimkowka.pl\/index.php\/parafia\/\"},{\"@type\":\"ListItem\",\"position\":3,\"name\":\"Ko\u015bci\u00f3\u0142 pw. \u015aw. Micha\u0142a Archanio\u0142a\"}]},{\"@type\":\"WebSite\",\"@id\":\"https:\/\/parafiaklimkowka.pl\/#website\",\"url\":\"https:\/\/parafiaklimkowka.pl\/\",\"name\":\"Parafia w Klimk\u00f3wce\",\"description\":\"pw. \u015aw. Micha\u0142a Archanio\u0142a\",\"publisher\":{\"@id\":\"https:\/\/parafiaklimkowka.pl\/#organization\"},\"potentialAction\":[{\"@type\":\"SearchAction\",\"target\":{\"@type\":\"EntryPoint\",\"urlTemplate\":\"https:\/\/parafiaklimkowka.pl\/?s={search_term_string}\"},\"query-input\":\"required name=search_term_string\"}],\"inLanguage\":\"pl-PL\"},{\"@type\":\"Organization\",\"@id\":\"https:\/\/parafiaklimkowka.pl\/#organization\",\"name\":\"Parafia p.w. \u015bw. Micha\u0142a Archanio\u0142a w Klimk\u00f3wce\",\"url\":\"https:\/\/parafiaklimkowka.pl\/\",\"logo\":{\"@type\":\"ImageObject\",\"inLanguage\":\"pl-PL\",\"@id\":\"https:\/\/parafiaklimkowka.pl\/#\/schema\/logo\/image\/\",\"url\":\"http:\/\/parafiaklimkowka.pl\/wp-content\/uploads\/2019\/10\/anio\u01428_jpeg.jpg\",\"contentUrl\":\"http:\/\/parafiaklimkowka.pl\/wp-content\/uploads\/2019\/10\/anio\u01428_jpeg.jpg\",\"width\":658,\"height\":483,\"caption\":\"Parafia p.w. \u015bw. Micha\u0142a Archanio\u0142a w Klimk\u00f3wce\"},\"image\":{\"@id\":\"https:\/\/parafiaklimkowka.pl\/#\/schema\/logo\/image\/\"}}]}<\/script>\n<!-- \/ Yoast SEO plugin. -->","yoast_head_json":{"title":"Ko\u015bci\u00f3\u0142 pw. \u015aw. Micha\u0142a Archanio\u0142a - Parafia w Klimk\u00f3wce","robots":{"index":"index","follow":"follow","max-snippet":"max-snippet:-1","max-image-preview":"max-image-preview:large","max-video-preview":"max-video-preview:-1"},"canonical":"https:\/\/parafiaklimkowka.pl\/index.php\/parafia\/kosciol-pw-sw-michala-archaniola\/","og_locale":"pl_PL","og_type":"article","og_title":"Ko\u015bci\u00f3\u0142 pw. \u015aw. Micha\u0142a Archanio\u0142a - Parafia w Klimk\u00f3wce","og_description":"Z akt\u00f3w biskupstwa przemyskiego dowiadujemy si\u0119, \u017ce pierwszy ko\u015bci\u00f3\u0142 w Klimk\u00f3wce zosta\u0142 konsekrowany przez biskupa przemyskiego Miko\u0142aja &nbsp;B\u0142a\u017cejowskiego w 1453r. W II po\u0142owie XVI wieku \u00f3wczesny w\u0142a\u015bciciel Klimk\u00f3wki Zbigniew Sienie\u0144ski [&hellip;]","og_url":"https:\/\/parafiaklimkowka.pl\/index.php\/parafia\/kosciol-pw-sw-michala-archaniola\/","og_site_name":"Parafia w Klimk\u00f3wce","article_modified_time":"2021-04-25T09:29:09+00:00","og_image":[{"width":1024,"height":326,"url":"https:\/\/parafiaklimkowka.pl\/wp-content\/uploads\/2020\/08\/Kosciol_5-1024x326.jpg","type":"image\/jpeg"}],"twitter_card":"summary_large_image","twitter_misc":{"Szacowany czas czytania":"5 minut"},"schema":{"@context":"https:\/\/schema.org","@graph":[{"@type":"WebPage","@id":"https:\/\/parafiaklimkowka.pl\/index.php\/parafia\/kosciol-pw-sw-michala-archaniola\/","url":"https:\/\/parafiaklimkowka.pl\/index.php\/parafia\/kosciol-pw-sw-michala-archaniola\/","name":"Ko\u015bci\u00f3\u0142 pw. \u015aw. Micha\u0142a Archanio\u0142a - Parafia w Klimk\u00f3wce","isPartOf":{"@id":"https:\/\/parafiaklimkowka.pl\/#website"},"primaryImageOfPage":{"@id":"https:\/\/parafiaklimkowka.pl\/index.php\/parafia\/kosciol-pw-sw-michala-archaniola\/#primaryimage"},"image":{"@id":"https:\/\/parafiaklimkowka.pl\/index.php\/parafia\/kosciol-pw-sw-michala-archaniola\/#primaryimage"},"thumbnailUrl":"https:\/\/parafiaklimkowka.pl\/wp-content\/uploads\/2020\/08\/Kosciol_5.jpg","datePublished":"2019-10-07T18:02:17+00:00","dateModified":"2021-04-25T09:29:09+00:00","breadcrumb":{"@id":"https:\/\/parafiaklimkowka.pl\/index.php\/parafia\/kosciol-pw-sw-michala-archaniola\/#breadcrumb"},"inLanguage":"pl-PL","potentialAction":[{"@type":"ReadAction","target":["https:\/\/parafiaklimkowka.pl\/index.php\/parafia\/kosciol-pw-sw-michala-archaniola\/"]}]},{"@type":"ImageObject","inLanguage":"pl-PL","@id":"https:\/\/parafiaklimkowka.pl\/index.php\/parafia\/kosciol-pw-sw-michala-archaniola\/#primaryimage","url":"https:\/\/parafiaklimkowka.pl\/wp-content\/uploads\/2020\/08\/Kosciol_5.jpg","contentUrl":"https:\/\/parafiaklimkowka.pl\/wp-content\/uploads\/2020\/08\/Kosciol_5.jpg","width":2500,"height":796},{"@type":"BreadcrumbList","@id":"https:\/\/parafiaklimkowka.pl\/index.php\/parafia\/kosciol-pw-sw-michala-archaniola\/#breadcrumb","itemListElement":[{"@type":"ListItem","position":1,"name":"Strona g\u0142\u00f3wna","item":"https:\/\/parafiaklimkowka.pl\/"},{"@type":"ListItem","position":2,"name":"Parafia","item":"https:\/\/parafiaklimkowka.pl\/index.php\/parafia\/"},{"@type":"ListItem","position":3,"name":"Ko\u015bci\u00f3\u0142 pw. \u015aw. Micha\u0142a Archanio\u0142a"}]},{"@type":"WebSite","@id":"https:\/\/parafiaklimkowka.pl\/#website","url":"https:\/\/parafiaklimkowka.pl\/","name":"Parafia w Klimk\u00f3wce","description":"pw. \u015aw. Micha\u0142a Archanio\u0142a","publisher":{"@id":"https:\/\/parafiaklimkowka.pl\/#organization"},"potentialAction":[{"@type":"SearchAction","target":{"@type":"EntryPoint","urlTemplate":"https:\/\/parafiaklimkowka.pl\/?s={search_term_string}"},"query-input":"required name=search_term_string"}],"inLanguage":"pl-PL"},{"@type":"Organization","@id":"https:\/\/parafiaklimkowka.pl\/#organization","name":"Parafia p.w. \u015bw. Micha\u0142a Archanio\u0142a w Klimk\u00f3wce","url":"https:\/\/parafiaklimkowka.pl\/","logo":{"@type":"ImageObject","inLanguage":"pl-PL","@id":"https:\/\/parafiaklimkowka.pl\/#\/schema\/logo\/image\/","url":"http:\/\/parafiaklimkowka.pl\/wp-content\/uploads\/2019\/10\/anio\u01428_jpeg.jpg","contentUrl":"http:\/\/parafiaklimkowka.pl\/wp-content\/uploads\/2019\/10\/anio\u01428_jpeg.jpg","width":658,"height":483,"caption":"Parafia p.w. \u015bw. Micha\u0142a Archanio\u0142a w Klimk\u00f3wce"},"image":{"@id":"https:\/\/parafiaklimkowka.pl\/#\/schema\/logo\/image\/"}}]}},"_links":{"self":[{"href":"https:\/\/parafiaklimkowka.pl\/index.php\/wp-json\/wp\/v2\/pages\/336"}],"collection":[{"href":"https:\/\/parafiaklimkowka.pl\/index.php\/wp-json\/wp\/v2\/pages"}],"about":[{"href":"https:\/\/parafiaklimkowka.pl\/index.php\/wp-json\/wp\/v2\/types\/page"}],"author":[{"embeddable":true,"href":"https:\/\/parafiaklimkowka.pl\/index.php\/wp-json\/wp\/v2\/users\/1"}],"replies":[{"embeddable":true,"href":"https:\/\/parafiaklimkowka.pl\/index.php\/wp-json\/wp\/v2\/comments?post=336"}],"version-history":[{"count":11,"href":"https:\/\/parafiaklimkowka.pl\/index.php\/wp-json\/wp\/v2\/pages\/336\/revisions"}],"predecessor-version":[{"id":4468,"href":"https:\/\/parafiaklimkowka.pl\/index.php\/wp-json\/wp\/v2\/pages\/336\/revisions\/4468"}],"up":[{"embeddable":true,"href":"https:\/\/parafiaklimkowka.pl\/index.php\/wp-json\/wp\/v2\/pages\/114"}],"wp:featuredmedia":[{"embeddable":true,"href":"https:\/\/parafiaklimkowka.pl\/index.php\/wp-json\/wp\/v2\/media\/3120"}],"wp:attachment":[{"href":"https:\/\/parafiaklimkowka.pl\/index.php\/wp-json\/wp\/v2\/media?parent=336"}],"curies":[{"name":"wp","href":"https:\/\/api.w.org\/{rel}","templated":true}]}}