{"id":455,"date":"2019-10-24T21:09:00","date_gmt":"2019-10-24T19:09:00","guid":{"rendered":"http:\/\/parafiaklimkowka.pl\/?page_id=455"},"modified":"2026-04-14T09:42:37","modified_gmt":"2026-04-14T07:42:37","slug":"wydarzenia","status":"publish","type":"page","link":"https:\/\/parafiaklimkowka.pl\/index.php\/galeria\/wydarzenia\/","title":{"rendered":"Wydarzenia"},"content":{"rendered":"\n\n\nngg_shortcode_0_placeholder\n\n\n\nngg_shortcode_1_placeholder\n\n\n\nngg_shortcode_2_placeholder\n\n\n\nngg_shortcode_3_placeholder\n\n\n\nngg_shortcode_4_placeholder\n\n\n\nngg_shortcode_5_placeholder\n\n\n\nngg_shortcode_6_placeholder\n\n\n\nngg_shortcode_7_placeholder\n\n\n\nngg_shortcode_8_placeholder\n\n\n\nngg_shortcode_9_placeholder\n\n\n\nngg_shortcode_10_placeholder\n\n\n\nngg_shortcode_11_placeholder\n\n\n\nngg_shortcode_12_placeholder\n\n\n\nngg_shortcode_13_placeholder\n\n\n\nngg_shortcode_14_placeholder\n\n\n\nngg_shortcode_15_placeholder\n\n\n\nngg_shortcode_16_placeholder\n\n\n\nngg_shortcode_17_placeholder\n\n\n\nngg_shortcode_18_placeholder\n\n\n\nngg_shortcode_19_placeholder\n\n\n\nngg_shortcode_20_placeholder\n\n\n\nngg_shortcode_21_placeholder\n\n\n\nngg_shortcode_22_placeholder\n\n\n\nngg_shortcode_23_placeholder\n\n\n\nngg_shortcode_24_placeholder\n\n\n\nngg_shortcode_25_placeholder\n\n\n\nngg_shortcode_26_placeholder\n\n\n\nngg_shortcode_27_placeholder\n\n\n\nngg_shortcode_28_placeholder\n\n\n\nngg_shortcode_29_placeholder\n\n\n\nngg_shortcode_30_placeholder\n\n\n\nngg_shortcode_31_placeholder\n\n\n\nngg_shortcode_32_placeholder\n\n\n\nngg_shortcode_33_placeholder\n\n\n\nngg_shortcode_34_placeholder\n\n\n\nngg_shortcode_35_placeholder\n\n\n\nngg_shortcode_36_placeholder\n\n\n\nngg_shortcode_37_placeholder\n\n\n\nngg_shortcode_38_placeholder\n\n\n\nngg_shortcode_39_placeholder\n\n\n\nngg_shortcode_40_placeholder\n\n\n\nngg_shortcode_41_placeholder\n\n\n\nngg_shortcode_42_placeholder\n\n\n\nngg_shortcode_43_placeholder\n\n\n\nngg_shortcode_44_placeholder\n\n\n\nngg_shortcode_45_placeholder\n\n\n\nngg_shortcode_46_placeholder\n\n\n\nngg_shortcode_47_placeholder\n\n\n\nngg_shortcode_48_placeholder\n\n\n\nngg_shortcode_49_placeholder\n\n\n\nngg_shortcode_50_placeholder\n\n\n\nngg_shortcode_51_placeholder\n\n\n\nngg_shortcode_52_placeholder\n\n\n\nngg_shortcode_53_placeholder\n\n\n\nngg_shortcode_54_placeholder\n\n\n\nngg_shortcode_55_placeholder\n\n\n\nngg_shortcode_56_placeholder\n\n\n\nngg_shortcode_57_placeholder\n\n\n\nngg_shortcode_58_placeholder\n\n\n\nngg_shortcode_59_placeholder\n\n\n\nngg_shortcode_60_placeholder\n\n\n\nngg_shortcode_61_placeholder\n\n\n\nngg_shortcode_62_placeholder\n\n\n\nngg_shortcode_63_placeholder\n\n\n\nngg_shortcode_64_placeholder\n\n\n\nngg_shortcode_65_placeholder\n\n\n\nngg_shortcode_66_placeholder\n\n\n\nngg_shortcode_67_placeholder\n\n\n\nngg_shortcode_68_placeholder\n\n\n\nngg_shortcode_69_placeholder\n\n\n\nngg_shortcode_70_placeholder\n\n\n\nngg_shortcode_71_placeholder\n\n\n\nngg_shortcode_72_placeholder\n\n\n\nngg_shortcode_73_placeholder\n\n\n\nngg_shortcode_74_placeholder\n\n\n\nngg_shortcode_75_placeholder\n\n\n\nngg_shortcode_76_placeholder\n\n\n\nngg_shortcode_77_placeholder\n\n\n\nngg_shortcode_78_placeholder\n\n\n\nngg_shortcode_79_placeholder\n\n\n\nngg_shortcode_80_placeholder\n\n\n\nngg_shortcode_81_placeholder\n\n\n\nngg_shortcode_82_placeholder\n\n\n\nngg_shortcode_83_placeholder\n\n\n\nngg_shortcode_84_placeholder\n\n\n\nngg_shortcode_85_placeholder\n\n\n\nngg_shortcode_86_placeholder\n\n\n\nngg_shortcode_87_placeholder\n\n\n\nngg_shortcode_88_placeholder\n\n\n\nngg_shortcode_89_placeholder\n\n\n\nngg_shortcode_90_placeholder\n\n\n\nngg_shortcode_91_placeholder\n","protected":false},"excerpt":{"rendered":"","protected":false},"author":1,"featured_media":0,"parent":190,"menu_order":1,"comment_status":"closed","ping_status":"closed","template":"","meta":{"ngg_post_thumbnail":0,"footnotes":""},"yoast_head":"<!-- This site is optimized with the Yoast SEO plugin v23.2 - https:\/\/yoast.com\/wordpress\/plugins\/seo\/ -->\n<title>Wydarzenia - Parafia w Klimk\u00f3wce<\/title>\n<meta name=\"description\" content=\"Wydarzenia parafialne w Parafii pw. \u015aw. Micha\u0142a Archanio\u0142a w Klimk\u00f3wce.\" \/>\n<meta name=\"robots\" content=\"index, follow, max-snippet:-1, max-image-preview:large, max-video-preview:-1\" \/>\n<link rel=\"canonical\" href=\"https:\/\/parafiaklimkowka.pl\/index.php\/galeria\/wydarzenia\/\" \/>\n<meta property=\"og:locale\" content=\"pl_PL\" \/>\n<meta property=\"og:type\" content=\"article\" \/>\n<meta property=\"og:title\" content=\"Wydarzenia - Parafia w Klimk\u00f3wce\" \/>\n<meta property=\"og:description\" content=\"Wydarzenia parafialne w Parafii pw. \u015aw. Micha\u0142a Archanio\u0142a w Klimk\u00f3wce.\" \/>\n<meta property=\"og:url\" content=\"https:\/\/parafiaklimkowka.pl\/index.php\/galeria\/wydarzenia\/\" \/>\n<meta property=\"og:site_name\" content=\"Parafia w Klimk\u00f3wce\" \/>\n<meta property=\"article:modified_time\" content=\"2026-04-14T07:42:37+00:00\" \/>\n<meta name=\"twitter:card\" content=\"summary_large_image\" \/>\n<meta name=\"twitter:label1\" content=\"Szacowany czas czytania\" \/>\n\t<meta name=\"twitter:data1\" content=\"3 minuty\" \/>\n<script type=\"application\/ld+json\" class=\"yoast-schema-graph\">{\"@context\":\"https:\/\/schema.org\",\"@graph\":[{\"@type\":\"WebPage\",\"@id\":\"https:\/\/parafiaklimkowka.pl\/index.php\/galeria\/wydarzenia\/\",\"url\":\"https:\/\/parafiaklimkowka.pl\/index.php\/galeria\/wydarzenia\/\",\"name\":\"Wydarzenia - Parafia w Klimk\u00f3wce\",\"isPartOf\":{\"@id\":\"https:\/\/parafiaklimkowka.pl\/#website\"},\"datePublished\":\"2019-10-24T19:09:00+00:00\",\"dateModified\":\"2026-04-14T07:42:37+00:00\",\"description\":\"Wydarzenia parafialne w Parafii pw. \u015aw. Micha\u0142a Archanio\u0142a w Klimk\u00f3wce.\",\"breadcrumb\":{\"@id\":\"https:\/\/parafiaklimkowka.pl\/index.php\/galeria\/wydarzenia\/#breadcrumb\"},\"inLanguage\":\"pl-PL\",\"potentialAction\":[{\"@type\":\"ReadAction\",\"target\":[\"https:\/\/parafiaklimkowka.pl\/index.php\/galeria\/wydarzenia\/\"]}]},{\"@type\":\"BreadcrumbList\",\"@id\":\"https:\/\/parafiaklimkowka.pl\/index.php\/galeria\/wydarzenia\/#breadcrumb\",\"itemListElement\":[{\"@type\":\"ListItem\",\"position\":1,\"name\":\"Strona g\u0142\u00f3wna\",\"item\":\"https:\/\/parafiaklimkowka.pl\/\"},{\"@type\":\"ListItem\",\"position\":2,\"name\":\"Galeria\",\"item\":\"https:\/\/parafiaklimkowka.pl\/index.php\/galeria\/\"},{\"@type\":\"ListItem\",\"position\":3,\"name\":\"Wydarzenia\"}]},{\"@type\":\"WebSite\",\"@id\":\"https:\/\/parafiaklimkowka.pl\/#website\",\"url\":\"https:\/\/parafiaklimkowka.pl\/\",\"name\":\"Parafia w Klimk\u00f3wce\",\"description\":\"pw. \u015aw. Micha\u0142a Archanio\u0142a\",\"publisher\":{\"@id\":\"https:\/\/parafiaklimkowka.pl\/#organization\"},\"potentialAction\":[{\"@type\":\"SearchAction\",\"target\":{\"@type\":\"EntryPoint\",\"urlTemplate\":\"https:\/\/parafiaklimkowka.pl\/?s={search_term_string}\"},\"query-input\":\"required name=search_term_string\"}],\"inLanguage\":\"pl-PL\"},{\"@type\":\"Organization\",\"@id\":\"https:\/\/parafiaklimkowka.pl\/#organization\",\"name\":\"Parafia p.w. \u015bw. Micha\u0142a Archanio\u0142a w Klimk\u00f3wce\",\"url\":\"https:\/\/parafiaklimkowka.pl\/\",\"logo\":{\"@type\":\"ImageObject\",\"inLanguage\":\"pl-PL\",\"@id\":\"https:\/\/parafiaklimkowka.pl\/#\/schema\/logo\/image\/\",\"url\":\"http:\/\/parafiaklimkowka.pl\/wp-content\/uploads\/2019\/10\/anio\u01428_jpeg.jpg\",\"contentUrl\":\"http:\/\/parafiaklimkowka.pl\/wp-content\/uploads\/2019\/10\/anio\u01428_jpeg.jpg\",\"width\":658,\"height\":483,\"caption\":\"Parafia p.w. \u015bw. Micha\u0142a Archanio\u0142a w Klimk\u00f3wce\"},\"image\":{\"@id\":\"https:\/\/parafiaklimkowka.pl\/#\/schema\/logo\/image\/\"}}]}<\/script>\n<!-- \/ Yoast SEO plugin. -->","yoast_head_json":{"title":"Wydarzenia - Parafia w Klimk\u00f3wce","description":"Wydarzenia parafialne w Parafii pw. \u015aw. Micha\u0142a Archanio\u0142a w Klimk\u00f3wce.","robots":{"index":"index","follow":"follow","max-snippet":"max-snippet:-1","max-image-preview":"max-image-preview:large","max-video-preview":"max-video-preview:-1"},"canonical":"https:\/\/parafiaklimkowka.pl\/index.php\/galeria\/wydarzenia\/","og_locale":"pl_PL","og_type":"article","og_title":"Wydarzenia - Parafia w Klimk\u00f3wce","og_description":"Wydarzenia parafialne w Parafii pw. \u015aw. Micha\u0142a Archanio\u0142a w Klimk\u00f3wce.","og_url":"https:\/\/parafiaklimkowka.pl\/index.php\/galeria\/wydarzenia\/","og_site_name":"Parafia w Klimk\u00f3wce","article_modified_time":"2026-04-14T07:42:37+00:00","twitter_card":"summary_large_image","twitter_misc":{"Szacowany czas czytania":"3 minuty"},"schema":{"@context":"https:\/\/schema.org","@graph":[{"@type":"WebPage","@id":"https:\/\/parafiaklimkowka.pl\/index.php\/galeria\/wydarzenia\/","url":"https:\/\/parafiaklimkowka.pl\/index.php\/galeria\/wydarzenia\/","name":"Wydarzenia - Parafia w Klimk\u00f3wce","isPartOf":{"@id":"https:\/\/parafiaklimkowka.pl\/#website"},"datePublished":"2019-10-24T19:09:00+00:00","dateModified":"2026-04-14T07:42:37+00:00","description":"Wydarzenia parafialne w Parafii pw. \u015aw. Micha\u0142a Archanio\u0142a w Klimk\u00f3wce.","breadcrumb":{"@id":"https:\/\/parafiaklimkowka.pl\/index.php\/galeria\/wydarzenia\/#breadcrumb"},"inLanguage":"pl-PL","potentialAction":[{"@type":"ReadAction","target":["https:\/\/parafiaklimkowka.pl\/index.php\/galeria\/wydarzenia\/"]}]},{"@type":"BreadcrumbList","@id":"https:\/\/parafiaklimkowka.pl\/index.php\/galeria\/wydarzenia\/#breadcrumb","itemListElement":[{"@type":"ListItem","position":1,"name":"Strona g\u0142\u00f3wna","item":"https:\/\/parafiaklimkowka.pl\/"},{"@type":"ListItem","position":2,"name":"Galeria","item":"https:\/\/parafiaklimkowka.pl\/index.php\/galeria\/"},{"@type":"ListItem","position":3,"name":"Wydarzenia"}]},{"@type":"WebSite","@id":"https:\/\/parafiaklimkowka.pl\/#website","url":"https:\/\/parafiaklimkowka.pl\/","name":"Parafia w Klimk\u00f3wce","description":"pw. \u015aw. Micha\u0142a Archanio\u0142a","publisher":{"@id":"https:\/\/parafiaklimkowka.pl\/#organization"},"potentialAction":[{"@type":"SearchAction","target":{"@type":"EntryPoint","urlTemplate":"https:\/\/parafiaklimkowka.pl\/?s={search_term_string}"},"query-input":"required name=search_term_string"}],"inLanguage":"pl-PL"},{"@type":"Organization","@id":"https:\/\/parafiaklimkowka.pl\/#organization","name":"Parafia p.w. \u015bw. Micha\u0142a Archanio\u0142a w Klimk\u00f3wce","url":"https:\/\/parafiaklimkowka.pl\/","logo":{"@type":"ImageObject","inLanguage":"pl-PL","@id":"https:\/\/parafiaklimkowka.pl\/#\/schema\/logo\/image\/","url":"http:\/\/parafiaklimkowka.pl\/wp-content\/uploads\/2019\/10\/anio\u01428_jpeg.jpg","contentUrl":"http:\/\/parafiaklimkowka.pl\/wp-content\/uploads\/2019\/10\/anio\u01428_jpeg.jpg","width":658,"height":483,"caption":"Parafia p.w. \u015bw. Micha\u0142a Archanio\u0142a w Klimk\u00f3wce"},"image":{"@id":"https:\/\/parafiaklimkowka.pl\/#\/schema\/logo\/image\/"}}]}},"_links":{"self":[{"href":"https:\/\/parafiaklimkowka.pl\/index.php\/wp-json\/wp\/v2\/pages\/455"}],"collection":[{"href":"https:\/\/parafiaklimkowka.pl\/index.php\/wp-json\/wp\/v2\/pages"}],"about":[{"href":"https:\/\/parafiaklimkowka.pl\/index.php\/wp-json\/wp\/v2\/types\/page"}],"author":[{"embeddable":true,"href":"https:\/\/parafiaklimkowka.pl\/index.php\/wp-json\/wp\/v2\/users\/1"}],"replies":[{"embeddable":true,"href":"https:\/\/parafiaklimkowka.pl\/index.php\/wp-json\/wp\/v2\/comments?post=455"}],"version-history":[{"count":237,"href":"https:\/\/parafiaklimkowka.pl\/index.php\/wp-json\/wp\/v2\/pages\/455\/revisions"}],"predecessor-version":[{"id":14704,"href":"https:\/\/parafiaklimkowka.pl\/index.php\/wp-json\/wp\/v2\/pages\/455\/revisions\/14704"}],"up":[{"embeddable":true,"href":"https:\/\/parafiaklimkowka.pl\/index.php\/wp-json\/wp\/v2\/pages\/190"}],"wp:attachment":[{"href":"https:\/\/parafiaklimkowka.pl\/index.php\/wp-json\/wp\/v2\/media?parent=455"}],"curies":[{"name":"wp","href":"https:\/\/api.w.org\/{rel}","templated":true}]}}